{"id":6616,"date":"2022-04-26T08:22:27","date_gmt":"2022-04-26T08:22:27","guid":{"rendered":"http:\/\/3d3.verdimed.es\/?post_type=product&#038;p=6616"},"modified":"2022-07-26T11:01:27","modified_gmt":"2022-07-26T11:01:27","slug":"espinacas-ecologicas","status":"publish","type":"product","link":"https:\/\/verdimed.com\/fr\/producto\/espinacas-ecologicas\/","title":{"rendered":"Espinacas ecol\u00f3gicas"},"content":{"rendered":"<p><img decoding=\"async\" loading=\"lazy\" class=\"alignnone size-full wp-image-7298\" src=\"https:\/\/verdimed.com\/wp-content\/uploads\/2022\/06\/calendario-espinaca-ecologica-verdimed.png\" alt=\"\" width=\"1240\" height=\"295\" srcset=\"https:\/\/verdimed.com\/wp-content\/uploads\/2022\/06\/calendario-espinaca-ecologica-verdimed.png 1240w, https:\/\/verdimed.com\/wp-content\/uploads\/2022\/06\/calendario-espinaca-ecologica-verdimed-600x143.png 600w, https:\/\/verdimed.com\/wp-content\/uploads\/2022\/06\/calendario-espinaca-ecologica-verdimed-300x71.png 300w, https:\/\/verdimed.com\/wp-content\/uploads\/2022\/06\/calendario-espinaca-ecologica-verdimed-1024x244.png 1024w, https:\/\/verdimed.com\/wp-content\/uploads\/2022\/06\/calendario-espinaca-ecologica-verdimed-768x183.png 768w\" sizes=\"(max-width: 1240px) 100vw, 1240px\" \/><\/p>\n","protected":false},"excerpt":{"rendered":"<p>La espinaca ecol\u00f3gica es uno de los productos mejor valorados por nuestros clientes. Cultivada en huertas de la Regi\u00f3n de Murcia conseguimos las mejores condiciones climatol\u00f3gicas para mantener siempre nuestros est\u00e1ndares de calidad.<\/p>\n<p>Es una verdura de gran valor nutricional, muy rica en fibra, minerales (calcio) y vitaminas A, E y K. Como la <a href=\"http:\/\/3d3.verdimed.es\/producto\/zanahoria\/\">zanahoria<\/a>, tiene un alto contenido en betacaroteno, ayuda a mejorar la salud de la piel y a prevenir dolencias degenerativas, enfermedades del coraz\u00f3n y de la vista.<\/p>\n<p>Puede consumirse cruda o cocinada.<\/p>\n<p>&nbsp;<\/p>\n","protected":false},"featured_media":6706,"comment_status":"closed","ping_status":"closed","template":"","meta":[],"product_cat":[50],"product_tag":[],"acf":[],"yoast_head":"<!-- This site is optimized with the Yoast SEO plugin v19.14 - https:\/\/yoast.com\/wordpress\/plugins\/seo\/ -->\n<title>Espinacas ecol\u00f3gicas | Verdimed<\/title>\n<meta name=\"description\" content=\"Es una verdura de gran valor nutricional, muy rica en fibra, minerales (calcio) y vitaminas A, E y K. Tiene un alto contenido en betacaroteno.\" \/>\n<meta name=\"robots\" content=\"index, follow, max-snippet:-1, max-image-preview:large, max-video-preview:-1\" \/>\n<link rel=\"canonical\" href=\"https:\/\/verdimed.com\/producto\/espinacas-ecologicas\/\" \/>\n<meta property=\"og:locale\" content=\"fr_FR\" \/>\n<meta property=\"og:type\" content=\"article\" \/>\n<meta property=\"og:title\" content=\"Espinacas ecol\u00f3gicas | Verdimed\" \/>\n<meta property=\"og:description\" content=\"Es una verdura de gran valor nutricional, muy rica en fibra, minerales (calcio) y vitaminas A, E y K. Tiene un alto contenido en betacaroteno.\" \/>\n<meta property=\"og:url\" content=\"https:\/\/verdimed.com\/producto\/espinacas-ecologicas\/\" \/>\n<meta property=\"og:site_name\" content=\"Verdimed\" \/>\n<meta property=\"article:modified_time\" content=\"2022-07-26T11:01:27+00:00\" \/>\n<meta property=\"og:image\" content=\"https:\/\/verdimed.com\/wp-content\/uploads\/2022\/05\/product-leaves-spinach-eco.jpg\" \/>\n\t<meta property=\"og:image:width\" content=\"1200\" \/>\n\t<meta property=\"og:image:height\" content=\"1200\" \/>\n\t<meta property=\"og:image:type\" content=\"image\/jpeg\" \/>\n<meta name=\"twitter:card\" content=\"summary_large_image\" \/>\n<meta name=\"twitter:site\" content=\"@verdimed\" \/>\n<script type=\"application\/ld+json\" class=\"yoast-schema-graph\">{\"@context\":\"https:\/\/schema.org\",\"@graph\":[{\"@type\":\"WebPage\",\"@id\":\"https:\/\/verdimed.com\/producto\/espinacas-ecologicas\/\",\"url\":\"https:\/\/verdimed.com\/producto\/espinacas-ecologicas\/\",\"name\":\"Espinacas ecol\u00f3gicas | Verdimed\",\"isPartOf\":{\"@id\":\"https:\/\/verdimed.com\/#website\"},\"datePublished\":\"2022-04-26T08:22:27+00:00\",\"dateModified\":\"2022-07-26T11:01:27+00:00\",\"description\":\"Es una verdura de gran valor nutricional, muy rica en fibra, minerales (calcio) y vitaminas A, E y K. Tiene un alto contenido en betacaroteno.\",\"breadcrumb\":{\"@id\":\"https:\/\/verdimed.com\/producto\/espinacas-ecologicas\/#breadcrumb\"},\"inLanguage\":\"fr-FR\",\"potentialAction\":[{\"@type\":\"ReadAction\",\"target\":[\"https:\/\/verdimed.com\/producto\/espinacas-ecologicas\/\"]}]},{\"@type\":\"BreadcrumbList\",\"@id\":\"https:\/\/verdimed.com\/producto\/espinacas-ecologicas\/#breadcrumb\",\"itemListElement\":[{\"@type\":\"ListItem\",\"position\":1,\"name\":\"Portada\",\"item\":\"https:\/\/verdimed.com\/\"},{\"@type\":\"ListItem\",\"position\":2,\"name\":\"Boutique\",\"item\":\"https:\/\/verdimed.com\/fr\/boutique\/\"},{\"@type\":\"ListItem\",\"position\":3,\"name\":\"Espinacas ecol\u00f3gicas\"}]},{\"@type\":\"WebSite\",\"@id\":\"https:\/\/verdimed.com\/#website\",\"url\":\"https:\/\/verdimed.com\/\",\"name\":\"Verdimed\",\"description\":\"Evoluci\u00f3n natural\",\"publisher\":{\"@id\":\"https:\/\/verdimed.com\/#organization\"},\"potentialAction\":[{\"@type\":\"SearchAction\",\"target\":{\"@type\":\"EntryPoint\",\"urlTemplate\":\"https:\/\/verdimed.com\/?s={search_term_string}\"},\"query-input\":\"required name=search_term_string\"}],\"inLanguage\":\"fr-FR\"},{\"@type\":\"Organization\",\"@id\":\"https:\/\/verdimed.com\/#organization\",\"name\":\"VERDIMED, S.A.U.\",\"url\":\"https:\/\/verdimed.com\/\",\"logo\":{\"@type\":\"ImageObject\",\"inLanguage\":\"fr-FR\",\"@id\":\"https:\/\/verdimed.com\/#\/schema\/logo\/image\/\",\"url\":\"https:\/\/verdimed.com\/wp-content\/uploads\/2021\/09\/logo-verdimed-440.png\",\"contentUrl\":\"https:\/\/verdimed.com\/wp-content\/uploads\/2021\/09\/logo-verdimed-440.png\",\"width\":440,\"height\":120,\"caption\":\"VERDIMED, S.A.U.\"},\"image\":{\"@id\":\"https:\/\/verdimed.com\/#\/schema\/logo\/image\/\"},\"sameAs\":[\"https:\/\/www.instagram.com\/verdimed_oficial\/\",\"https:\/\/es.linkedin.com\/company\/verdimed\",\"https:\/\/twitter.com\/verdimed\"]}]}<\/script>\n<!-- \/ Yoast SEO plugin. -->","yoast_head_json":{"title":"Espinacas ecol\u00f3gicas | Verdimed","description":"Es una verdura de gran valor nutricional, muy rica en fibra, minerales (calcio) y vitaminas A, E y K. Tiene un alto contenido en betacaroteno.","robots":{"index":"index","follow":"follow","max-snippet":"max-snippet:-1","max-image-preview":"max-image-preview:large","max-video-preview":"max-video-preview:-1"},"canonical":"https:\/\/verdimed.com\/producto\/espinacas-ecologicas\/","og_locale":"fr_FR","og_type":"article","og_title":"Espinacas ecol\u00f3gicas | Verdimed","og_description":"Es una verdura de gran valor nutricional, muy rica en fibra, minerales (calcio) y vitaminas A, E y K. Tiene un alto contenido en betacaroteno.","og_url":"https:\/\/verdimed.com\/producto\/espinacas-ecologicas\/","og_site_name":"Verdimed","article_modified_time":"2022-07-26T11:01:27+00:00","og_image":[{"width":1200,"height":1200,"url":"https:\/\/verdimed.com\/wp-content\/uploads\/2022\/05\/product-leaves-spinach-eco.jpg","type":"image\/jpeg"}],"twitter_card":"summary_large_image","twitter_site":"@verdimed","schema":{"@context":"https:\/\/schema.org","@graph":[{"@type":"WebPage","@id":"https:\/\/verdimed.com\/producto\/espinacas-ecologicas\/","url":"https:\/\/verdimed.com\/producto\/espinacas-ecologicas\/","name":"Espinacas ecol\u00f3gicas | Verdimed","isPartOf":{"@id":"https:\/\/verdimed.com\/#website"},"datePublished":"2022-04-26T08:22:27+00:00","dateModified":"2022-07-26T11:01:27+00:00","description":"Es una verdura de gran valor nutricional, muy rica en fibra, minerales (calcio) y vitaminas A, E y K. Tiene un alto contenido en betacaroteno.","breadcrumb":{"@id":"https:\/\/verdimed.com\/producto\/espinacas-ecologicas\/#breadcrumb"},"inLanguage":"fr-FR","potentialAction":[{"@type":"ReadAction","target":["https:\/\/verdimed.com\/producto\/espinacas-ecologicas\/"]}]},{"@type":"BreadcrumbList","@id":"https:\/\/verdimed.com\/producto\/espinacas-ecologicas\/#breadcrumb","itemListElement":[{"@type":"ListItem","position":1,"name":"Portada","item":"https:\/\/verdimed.com\/"},{"@type":"ListItem","position":2,"name":"Boutique","item":"https:\/\/verdimed.com\/fr\/boutique\/"},{"@type":"ListItem","position":3,"name":"Espinacas ecol\u00f3gicas"}]},{"@type":"WebSite","@id":"https:\/\/verdimed.com\/#website","url":"https:\/\/verdimed.com\/","name":"Verdimed","description":"Evoluci\u00f3n natural","publisher":{"@id":"https:\/\/verdimed.com\/#organization"},"potentialAction":[{"@type":"SearchAction","target":{"@type":"EntryPoint","urlTemplate":"https:\/\/verdimed.com\/?s={search_term_string}"},"query-input":"required name=search_term_string"}],"inLanguage":"fr-FR"},{"@type":"Organization","@id":"https:\/\/verdimed.com\/#organization","name":"VERDIMED, S.A.U.","url":"https:\/\/verdimed.com\/","logo":{"@type":"ImageObject","inLanguage":"fr-FR","@id":"https:\/\/verdimed.com\/#\/schema\/logo\/image\/","url":"https:\/\/verdimed.com\/wp-content\/uploads\/2021\/09\/logo-verdimed-440.png","contentUrl":"https:\/\/verdimed.com\/wp-content\/uploads\/2021\/09\/logo-verdimed-440.png","width":440,"height":120,"caption":"VERDIMED, S.A.U."},"image":{"@id":"https:\/\/verdimed.com\/#\/schema\/logo\/image\/"},"sameAs":["https:\/\/www.instagram.com\/verdimed_oficial\/","https:\/\/es.linkedin.com\/company\/verdimed","https:\/\/twitter.com\/verdimed"]}]}},"_links":{"self":[{"href":"https:\/\/verdimed.com\/fr\/wp-json\/wp\/v2\/product\/6616"}],"collection":[{"href":"https:\/\/verdimed.com\/fr\/wp-json\/wp\/v2\/product"}],"about":[{"href":"https:\/\/verdimed.com\/fr\/wp-json\/wp\/v2\/types\/product"}],"replies":[{"embeddable":true,"href":"https:\/\/verdimed.com\/fr\/wp-json\/wp\/v2\/comments?post=6616"}],"wp:featuredmedia":[{"embeddable":true,"href":"https:\/\/verdimed.com\/fr\/wp-json\/wp\/v2\/media\/6706"}],"wp:attachment":[{"href":"https:\/\/verdimed.com\/fr\/wp-json\/wp\/v2\/media?parent=6616"}],"wp:term":[{"taxonomy":"product_cat","embeddable":true,"href":"https:\/\/verdimed.com\/fr\/wp-json\/wp\/v2\/product_cat?post=6616"},{"taxonomy":"product_tag","embeddable":true,"href":"https:\/\/verdimed.com\/fr\/wp-json\/wp\/v2\/product_tag?post=6616"}],"curies":[{"name":"wp","href":"https:\/\/api.w.org\/{rel}","templated":true}]}}