{"id":6196,"date":"2021-09-29T08:12:04","date_gmt":"2021-09-29T08:12:04","guid":{"rendered":"http:\/\/3d3.verdimed.es\/?post_type=product&#038;p=6196"},"modified":"2022-06-08T09:14:57","modified_gmt":"2022-06-08T09:14:57","slug":"puerro","status":"publish","type":"product","link":"https:\/\/verdimed.com\/fr\/producto\/puerro\/","title":{"rendered":"Puerro"},"content":{"rendered":"<p><img decoding=\"async\" loading=\"lazy\" class=\"alignnone size-full wp-image-7214\" src=\"https:\/\/verdimed.com\/wp-content\/uploads\/2022\/05\/calendario-puerro-verdimed.png\" alt=\"\" width=\"1240\" height=\"295\" srcset=\"https:\/\/verdimed.com\/wp-content\/uploads\/2022\/05\/calendario-puerro-verdimed.png 1240w, https:\/\/verdimed.com\/wp-content\/uploads\/2022\/05\/calendario-puerro-verdimed-600x143.png 600w, https:\/\/verdimed.com\/wp-content\/uploads\/2022\/05\/calendario-puerro-verdimed-300x71.png 300w, https:\/\/verdimed.com\/wp-content\/uploads\/2022\/05\/calendario-puerro-verdimed-1024x244.png 1024w, https:\/\/verdimed.com\/wp-content\/uploads\/2022\/05\/calendario-puerro-verdimed-768x183.png 768w\" sizes=\"(max-width: 1240px) 100vw, 1240px\" \/><\/p>\n","protected":false},"excerpt":{"rendered":"<p>El puerro es una hortaliza que pertenece a la misma familia que el ajo y la cebolla y se cultiva por su bulbo, que se forma en la base de sus hojas.<br \/>\nEs cultivable todo el a\u00f1o, aunque existen diferencias entre las variedades de oto\u00f1o-invierno ya las de primavera-verano, siendo estas \u00faltimas m\u00e1s tiernas, finas y sutiles al paladar.<br \/>\nAntes de su empaquetado, normalmente en cajas de 10 kgs, es pre-enfriado con agua fr\u00eda y vac\u00edo y conservado en c\u00e1mara a temperatura no mayor de 2\u00baC.<\/p>\n","protected":false},"featured_media":6460,"comment_status":"closed","ping_status":"closed","template":"","meta":[],"product_cat":[49],"product_tag":[],"acf":[],"yoast_head":"<!-- This site is optimized with the Yoast SEO plugin v19.14 - https:\/\/yoast.com\/wordpress\/plugins\/seo\/ -->\n<title>Puerro | Verdimed<\/title>\n<meta name=\"robots\" content=\"index, follow, max-snippet:-1, max-image-preview:large, max-video-preview:-1\" \/>\n<link rel=\"canonical\" href=\"https:\/\/verdimed.com\/producto\/puerro\/\" \/>\n<meta property=\"og:locale\" content=\"fr_FR\" \/>\n<meta property=\"og:type\" content=\"article\" \/>\n<meta property=\"og:title\" content=\"Puerro | Verdimed\" \/>\n<meta property=\"og:description\" content=\"El puerro es una hortaliza que pertenece a la misma familia que el ajo y la cebolla y se cultiva por su bulbo, que se forma en la base de sus hojas. Es cultivable todo el a\u00f1o, aunque existen diferencias entre las variedades de oto\u00f1o-invierno ya las de primavera-verano, siendo estas \u00faltimas m\u00e1s tiernas, finas y sutiles al paladar. Antes de su empaquetado, normalmente en cajas de 10 kgs, es pre-enfriado con agua fr\u00eda y vac\u00edo y conservado en c\u00e1mara a temperatura no mayor de 2\u00baC.\" \/>\n<meta property=\"og:url\" content=\"https:\/\/verdimed.com\/producto\/puerro\/\" \/>\n<meta property=\"og:site_name\" content=\"Verdimed\" \/>\n<meta property=\"article:modified_time\" content=\"2022-06-08T09:14:57+00:00\" \/>\n<meta property=\"og:image\" content=\"https:\/\/verdimed.com\/wp-content\/uploads\/2021\/10\/product-others-leek.jpg\" \/>\n\t<meta property=\"og:image:width\" content=\"1200\" \/>\n\t<meta property=\"og:image:height\" content=\"1200\" \/>\n\t<meta property=\"og:image:type\" content=\"image\/jpeg\" \/>\n<meta name=\"twitter:card\" content=\"summary_large_image\" \/>\n<meta name=\"twitter:site\" content=\"@verdimed\" \/>\n<script type=\"application\/ld+json\" class=\"yoast-schema-graph\">{\"@context\":\"https:\/\/schema.org\",\"@graph\":[{\"@type\":\"WebPage\",\"@id\":\"https:\/\/verdimed.com\/producto\/puerro\/\",\"url\":\"https:\/\/verdimed.com\/producto\/puerro\/\",\"name\":\"Puerro | Verdimed\",\"isPartOf\":{\"@id\":\"https:\/\/verdimed.com\/#website\"},\"datePublished\":\"2021-09-29T08:12:04+00:00\",\"dateModified\":\"2022-06-08T09:14:57+00:00\",\"breadcrumb\":{\"@id\":\"https:\/\/verdimed.com\/producto\/puerro\/#breadcrumb\"},\"inLanguage\":\"fr-FR\",\"potentialAction\":[{\"@type\":\"ReadAction\",\"target\":[\"https:\/\/verdimed.com\/producto\/puerro\/\"]}]},{\"@type\":\"BreadcrumbList\",\"@id\":\"https:\/\/verdimed.com\/producto\/puerro\/#breadcrumb\",\"itemListElement\":[{\"@type\":\"ListItem\",\"position\":1,\"name\":\"Portada\",\"item\":\"https:\/\/verdimed.com\/\"},{\"@type\":\"ListItem\",\"position\":2,\"name\":\"Boutique\",\"item\":\"https:\/\/verdimed.com\/fr\/boutique\/\"},{\"@type\":\"ListItem\",\"position\":3,\"name\":\"Puerro\"}]},{\"@type\":\"WebSite\",\"@id\":\"https:\/\/verdimed.com\/#website\",\"url\":\"https:\/\/verdimed.com\/\",\"name\":\"Verdimed\",\"description\":\"Evoluci\u00f3n natural\",\"publisher\":{\"@id\":\"https:\/\/verdimed.com\/#organization\"},\"potentialAction\":[{\"@type\":\"SearchAction\",\"target\":{\"@type\":\"EntryPoint\",\"urlTemplate\":\"https:\/\/verdimed.com\/?s={search_term_string}\"},\"query-input\":\"required name=search_term_string\"}],\"inLanguage\":\"fr-FR\"},{\"@type\":\"Organization\",\"@id\":\"https:\/\/verdimed.com\/#organization\",\"name\":\"VERDIMED, S.A.U.\",\"url\":\"https:\/\/verdimed.com\/\",\"logo\":{\"@type\":\"ImageObject\",\"inLanguage\":\"fr-FR\",\"@id\":\"https:\/\/verdimed.com\/#\/schema\/logo\/image\/\",\"url\":\"https:\/\/verdimed.com\/wp-content\/uploads\/2021\/09\/logo-verdimed-440.png\",\"contentUrl\":\"https:\/\/verdimed.com\/wp-content\/uploads\/2021\/09\/logo-verdimed-440.png\",\"width\":440,\"height\":120,\"caption\":\"VERDIMED, S.A.U.\"},\"image\":{\"@id\":\"https:\/\/verdimed.com\/#\/schema\/logo\/image\/\"},\"sameAs\":[\"https:\/\/www.instagram.com\/verdimed_oficial\/\",\"https:\/\/es.linkedin.com\/company\/verdimed\",\"https:\/\/twitter.com\/verdimed\"]}]}<\/script>\n<!-- \/ Yoast SEO plugin. -->","yoast_head_json":{"title":"Puerro | Verdimed","robots":{"index":"index","follow":"follow","max-snippet":"max-snippet:-1","max-image-preview":"max-image-preview:large","max-video-preview":"max-video-preview:-1"},"canonical":"https:\/\/verdimed.com\/producto\/puerro\/","og_locale":"fr_FR","og_type":"article","og_title":"Puerro | Verdimed","og_description":"El puerro es una hortaliza que pertenece a la misma familia que el ajo y la cebolla y se cultiva por su bulbo, que se forma en la base de sus hojas. Es cultivable todo el a\u00f1o, aunque existen diferencias entre las variedades de oto\u00f1o-invierno ya las de primavera-verano, siendo estas \u00faltimas m\u00e1s tiernas, finas y sutiles al paladar. Antes de su empaquetado, normalmente en cajas de 10 kgs, es pre-enfriado con agua fr\u00eda y vac\u00edo y conservado en c\u00e1mara a temperatura no mayor de 2\u00baC.","og_url":"https:\/\/verdimed.com\/producto\/puerro\/","og_site_name":"Verdimed","article_modified_time":"2022-06-08T09:14:57+00:00","og_image":[{"width":1200,"height":1200,"url":"https:\/\/verdimed.com\/wp-content\/uploads\/2021\/10\/product-others-leek.jpg","type":"image\/jpeg"}],"twitter_card":"summary_large_image","twitter_site":"@verdimed","schema":{"@context":"https:\/\/schema.org","@graph":[{"@type":"WebPage","@id":"https:\/\/verdimed.com\/producto\/puerro\/","url":"https:\/\/verdimed.com\/producto\/puerro\/","name":"Puerro | Verdimed","isPartOf":{"@id":"https:\/\/verdimed.com\/#website"},"datePublished":"2021-09-29T08:12:04+00:00","dateModified":"2022-06-08T09:14:57+00:00","breadcrumb":{"@id":"https:\/\/verdimed.com\/producto\/puerro\/#breadcrumb"},"inLanguage":"fr-FR","potentialAction":[{"@type":"ReadAction","target":["https:\/\/verdimed.com\/producto\/puerro\/"]}]},{"@type":"BreadcrumbList","@id":"https:\/\/verdimed.com\/producto\/puerro\/#breadcrumb","itemListElement":[{"@type":"ListItem","position":1,"name":"Portada","item":"https:\/\/verdimed.com\/"},{"@type":"ListItem","position":2,"name":"Boutique","item":"https:\/\/verdimed.com\/fr\/boutique\/"},{"@type":"ListItem","position":3,"name":"Puerro"}]},{"@type":"WebSite","@id":"https:\/\/verdimed.com\/#website","url":"https:\/\/verdimed.com\/","name":"Verdimed","description":"Evoluci\u00f3n natural","publisher":{"@id":"https:\/\/verdimed.com\/#organization"},"potentialAction":[{"@type":"SearchAction","target":{"@type":"EntryPoint","urlTemplate":"https:\/\/verdimed.com\/?s={search_term_string}"},"query-input":"required name=search_term_string"}],"inLanguage":"fr-FR"},{"@type":"Organization","@id":"https:\/\/verdimed.com\/#organization","name":"VERDIMED, S.A.U.","url":"https:\/\/verdimed.com\/","logo":{"@type":"ImageObject","inLanguage":"fr-FR","@id":"https:\/\/verdimed.com\/#\/schema\/logo\/image\/","url":"https:\/\/verdimed.com\/wp-content\/uploads\/2021\/09\/logo-verdimed-440.png","contentUrl":"https:\/\/verdimed.com\/wp-content\/uploads\/2021\/09\/logo-verdimed-440.png","width":440,"height":120,"caption":"VERDIMED, S.A.U."},"image":{"@id":"https:\/\/verdimed.com\/#\/schema\/logo\/image\/"},"sameAs":["https:\/\/www.instagram.com\/verdimed_oficial\/","https:\/\/es.linkedin.com\/company\/verdimed","https:\/\/twitter.com\/verdimed"]}]}},"_links":{"self":[{"href":"https:\/\/verdimed.com\/fr\/wp-json\/wp\/v2\/product\/6196"}],"collection":[{"href":"https:\/\/verdimed.com\/fr\/wp-json\/wp\/v2\/product"}],"about":[{"href":"https:\/\/verdimed.com\/fr\/wp-json\/wp\/v2\/types\/product"}],"replies":[{"embeddable":true,"href":"https:\/\/verdimed.com\/fr\/wp-json\/wp\/v2\/comments?post=6196"}],"wp:featuredmedia":[{"embeddable":true,"href":"https:\/\/verdimed.com\/fr\/wp-json\/wp\/v2\/media\/6460"}],"wp:attachment":[{"href":"https:\/\/verdimed.com\/fr\/wp-json\/wp\/v2\/media?parent=6196"}],"wp:term":[{"taxonomy":"product_cat","embeddable":true,"href":"https:\/\/verdimed.com\/fr\/wp-json\/wp\/v2\/product_cat?post=6196"},{"taxonomy":"product_tag","embeddable":true,"href":"https:\/\/verdimed.com\/fr\/wp-json\/wp\/v2\/product_tag?post=6196"}],"curies":[{"name":"wp","href":"https:\/\/api.w.org\/{rel}","templated":true}]}}