{"id":6194,"date":"2021-09-29T08:07:13","date_gmt":"2021-09-29T08:07:13","guid":{"rendered":"http:\/\/3d3.verdimed.es\/?post_type=product&#038;p=6194"},"modified":"2022-07-01T13:54:55","modified_gmt":"2022-07-01T13:54:55","slug":"minis","status":"publish","type":"product","link":"https:\/\/verdimed.com\/fr\/producto\/minis\/","title":{"rendered":"Minis"},"content":{"rendered":"<p><img decoding=\"async\" loading=\"lazy\" class=\"alignnone size-full wp-image-7198\" src=\"https:\/\/verdimed.com\/wp-content\/uploads\/2022\/05\/calendario-brocoli-verdimed.png\" alt=\"\" width=\"1240\" height=\"295\" srcset=\"https:\/\/verdimed.com\/wp-content\/uploads\/2022\/05\/calendario-brocoli-verdimed.png 1240w, https:\/\/verdimed.com\/wp-content\/uploads\/2022\/05\/calendario-brocoli-verdimed-600x143.png 600w, https:\/\/verdimed.com\/wp-content\/uploads\/2022\/05\/calendario-brocoli-verdimed-300x71.png 300w, https:\/\/verdimed.com\/wp-content\/uploads\/2022\/05\/calendario-brocoli-verdimed-1024x244.png 1024w, https:\/\/verdimed.com\/wp-content\/uploads\/2022\/05\/calendario-brocoli-verdimed-768x183.png 768w\" sizes=\"(max-width: 1240px) 100vw, 1240px\" \/><img decoding=\"async\" loading=\"lazy\" class=\"alignnone size-full wp-image-7202\" src=\"https:\/\/verdimed.com\/wp-content\/uploads\/2022\/05\/calendario-coliflor-verdimed.png\" alt=\"\" width=\"1240\" height=\"295\" srcset=\"https:\/\/verdimed.com\/wp-content\/uploads\/2022\/05\/calendario-coliflor-verdimed.png 1240w, https:\/\/verdimed.com\/wp-content\/uploads\/2022\/05\/calendario-coliflor-verdimed-600x143.png 600w, https:\/\/verdimed.com\/wp-content\/uploads\/2022\/05\/calendario-coliflor-verdimed-300x71.png 300w, https:\/\/verdimed.com\/wp-content\/uploads\/2022\/05\/calendario-coliflor-verdimed-1024x244.png 1024w, https:\/\/verdimed.com\/wp-content\/uploads\/2022\/05\/calendario-coliflor-verdimed-768x183.png 768w\" sizes=\"(max-width: 1240px) 100vw, 1240px\" \/><\/p>\n<p><img decoding=\"async\" loading=\"lazy\" class=\"alignnone size-full wp-image-7308\" src=\"https:\/\/verdimed.com\/wp-content\/uploads\/2022\/06\/calendario-romanesco-verdimed.png\" alt=\"\" width=\"1240\" height=\"295\" srcset=\"https:\/\/verdimed.com\/wp-content\/uploads\/2022\/06\/calendario-romanesco-verdimed.png 1240w, https:\/\/verdimed.com\/wp-content\/uploads\/2022\/06\/calendario-romanesco-verdimed-600x143.png 600w, https:\/\/verdimed.com\/wp-content\/uploads\/2022\/06\/calendario-romanesco-verdimed-300x71.png 300w, https:\/\/verdimed.com\/wp-content\/uploads\/2022\/06\/calendario-romanesco-verdimed-1024x244.png 1024w, https:\/\/verdimed.com\/wp-content\/uploads\/2022\/06\/calendario-romanesco-verdimed-768x183.png 768w\" sizes=\"(max-width: 1240px) 100vw, 1240px\" \/><\/p>\n","protected":false},"excerpt":{"rendered":"<p>Se trata de verduras de dimensiones m\u00e1s reducidas a las que se les aplica un sistema de cultivo diferente, con densidades de plantaci\u00f3n distintas y con t\u00e9cnicas que permiten mantener sus cualidades organol\u00e9pticas y de textura originales y favorecen una maduraci\u00f3n adecuada.<br \/>\nEstas verduras a pesar de su reducido tama\u00f1o se mantienen igual de tiernas para su consumo que el resto de los productos ofrecidos por Verdimed.<br \/>\nVerdimed ha sido pionera en aplicar y desarrollar el sistema de cultivo espec\u00edfico utilizado para la obtenci\u00f3n de este tipo de verduras.<br \/>\nEn la actualidad las variedades que Verdimed comercializa son el br\u00f3coli, la coliflor, coliflor morada y el romanesco.<br \/>\nVerdimed ha sido pionera en aplicar y desarrollar el sistema de cultivo espec\u00edfico utilizado para la obtenci\u00f3n de las verduras minis. En la actualidad las variedades que comercializamos son el mini br\u00f3coli, la mini coliflor, el mini romanesco y la mini col morada con las combinaciones que el cliente solicite.<\/p>\n","protected":false},"featured_media":6752,"comment_status":"closed","ping_status":"closed","template":"","meta":[],"product_cat":[48],"product_tag":[],"acf":[],"yoast_head":"<!-- This site is optimized with the Yoast SEO plugin v19.14 - https:\/\/yoast.com\/wordpress\/plugins\/seo\/ -->\n<title>Minis | Verdimed<\/title>\n<meta name=\"robots\" content=\"index, follow, max-snippet:-1, max-image-preview:large, max-video-preview:-1\" \/>\n<link rel=\"canonical\" href=\"https:\/\/verdimed.com\/producto\/minis\/\" \/>\n<meta property=\"og:locale\" content=\"fr_FR\" \/>\n<meta property=\"og:type\" content=\"article\" \/>\n<meta property=\"og:title\" content=\"Minis | Verdimed\" \/>\n<meta property=\"og:description\" content=\"Se trata de verduras de dimensiones m\u00e1s reducidas a las que se les aplica un sistema de cultivo diferente, con densidades de plantaci\u00f3n distintas y con t\u00e9cnicas que permiten mantener sus cualidades organol\u00e9pticas y de textura originales y favorecen una maduraci\u00f3n adecuada. Estas verduras a pesar de su reducido tama\u00f1o se mantienen igual de tiernas para su consumo que el resto de los productos ofrecidos por Verdimed. Verdimed ha sido pionera en aplicar y desarrollar el sistema de cultivo espec\u00edfico utilizado para la obtenci\u00f3n de este tipo de verduras. En la actualidad las variedades que Verdimed comercializa son el br\u00f3coli, la coliflor, coliflor morada y el romanesco. Verdimed ha sido pionera en aplicar y desarrollar el sistema de cultivo espec\u00edfico utilizado para la obtenci\u00f3n de las verduras minis. En la actualidad las variedades que comercializamos son el mini br\u00f3coli, la mini coliflor, el mini romanesco y la mini col morada con las combinaciones que el cliente solicite.\" \/>\n<meta property=\"og:url\" content=\"https:\/\/verdimed.com\/producto\/minis\/\" \/>\n<meta property=\"og:site_name\" content=\"Verdimed\" \/>\n<meta property=\"article:modified_time\" content=\"2022-07-01T13:54:55+00:00\" \/>\n<meta property=\"og:image\" content=\"https:\/\/verdimed.com\/wp-content\/uploads\/2021\/09\/product-mini-broccoli-cauliflower-romanesco.jpg\" \/>\n\t<meta property=\"og:image:width\" content=\"1200\" \/>\n\t<meta property=\"og:image:height\" content=\"1200\" \/>\n\t<meta property=\"og:image:type\" content=\"image\/jpeg\" \/>\n<meta name=\"twitter:card\" content=\"summary_large_image\" \/>\n<meta name=\"twitter:site\" content=\"@verdimed\" \/>\n<meta name=\"twitter:label1\" content=\"Dur\u00e9e de lecture estim\u00e9e\" \/>\n\t<meta name=\"twitter:data1\" content=\"1 minute\" \/>\n<script type=\"application\/ld+json\" class=\"yoast-schema-graph\">{\"@context\":\"https:\/\/schema.org\",\"@graph\":[{\"@type\":\"WebPage\",\"@id\":\"https:\/\/verdimed.com\/producto\/minis\/\",\"url\":\"https:\/\/verdimed.com\/producto\/minis\/\",\"name\":\"Minis | Verdimed\",\"isPartOf\":{\"@id\":\"https:\/\/verdimed.com\/#website\"},\"datePublished\":\"2021-09-29T08:07:13+00:00\",\"dateModified\":\"2022-07-01T13:54:55+00:00\",\"breadcrumb\":{\"@id\":\"https:\/\/verdimed.com\/producto\/minis\/#breadcrumb\"},\"inLanguage\":\"fr-FR\",\"potentialAction\":[{\"@type\":\"ReadAction\",\"target\":[\"https:\/\/verdimed.com\/producto\/minis\/\"]}]},{\"@type\":\"BreadcrumbList\",\"@id\":\"https:\/\/verdimed.com\/producto\/minis\/#breadcrumb\",\"itemListElement\":[{\"@type\":\"ListItem\",\"position\":1,\"name\":\"Portada\",\"item\":\"https:\/\/verdimed.com\/\"},{\"@type\":\"ListItem\",\"position\":2,\"name\":\"Boutique\",\"item\":\"https:\/\/verdimed.com\/fr\/boutique\/\"},{\"@type\":\"ListItem\",\"position\":3,\"name\":\"Minis\"}]},{\"@type\":\"WebSite\",\"@id\":\"https:\/\/verdimed.com\/#website\",\"url\":\"https:\/\/verdimed.com\/\",\"name\":\"Verdimed\",\"description\":\"Evoluci\u00f3n natural\",\"publisher\":{\"@id\":\"https:\/\/verdimed.com\/#organization\"},\"potentialAction\":[{\"@type\":\"SearchAction\",\"target\":{\"@type\":\"EntryPoint\",\"urlTemplate\":\"https:\/\/verdimed.com\/?s={search_term_string}\"},\"query-input\":\"required name=search_term_string\"}],\"inLanguage\":\"fr-FR\"},{\"@type\":\"Organization\",\"@id\":\"https:\/\/verdimed.com\/#organization\",\"name\":\"VERDIMED, S.A.U.\",\"url\":\"https:\/\/verdimed.com\/\",\"logo\":{\"@type\":\"ImageObject\",\"inLanguage\":\"fr-FR\",\"@id\":\"https:\/\/verdimed.com\/#\/schema\/logo\/image\/\",\"url\":\"https:\/\/verdimed.com\/wp-content\/uploads\/2021\/09\/logo-verdimed-440.png\",\"contentUrl\":\"https:\/\/verdimed.com\/wp-content\/uploads\/2021\/09\/logo-verdimed-440.png\",\"width\":440,\"height\":120,\"caption\":\"VERDIMED, S.A.U.\"},\"image\":{\"@id\":\"https:\/\/verdimed.com\/#\/schema\/logo\/image\/\"},\"sameAs\":[\"https:\/\/www.instagram.com\/verdimed_oficial\/\",\"https:\/\/es.linkedin.com\/company\/verdimed\",\"https:\/\/twitter.com\/verdimed\"]}]}<\/script>\n<!-- \/ Yoast SEO plugin. -->","yoast_head_json":{"title":"Minis | Verdimed","robots":{"index":"index","follow":"follow","max-snippet":"max-snippet:-1","max-image-preview":"max-image-preview:large","max-video-preview":"max-video-preview:-1"},"canonical":"https:\/\/verdimed.com\/producto\/minis\/","og_locale":"fr_FR","og_type":"article","og_title":"Minis | Verdimed","og_description":"Se trata de verduras de dimensiones m\u00e1s reducidas a las que se les aplica un sistema de cultivo diferente, con densidades de plantaci\u00f3n distintas y con t\u00e9cnicas que permiten mantener sus cualidades organol\u00e9pticas y de textura originales y favorecen una maduraci\u00f3n adecuada. Estas verduras a pesar de su reducido tama\u00f1o se mantienen igual de tiernas para su consumo que el resto de los productos ofrecidos por Verdimed. Verdimed ha sido pionera en aplicar y desarrollar el sistema de cultivo espec\u00edfico utilizado para la obtenci\u00f3n de este tipo de verduras. En la actualidad las variedades que Verdimed comercializa son el br\u00f3coli, la coliflor, coliflor morada y el romanesco. Verdimed ha sido pionera en aplicar y desarrollar el sistema de cultivo espec\u00edfico utilizado para la obtenci\u00f3n de las verduras minis. En la actualidad las variedades que comercializamos son el mini br\u00f3coli, la mini coliflor, el mini romanesco y la mini col morada con las combinaciones que el cliente solicite.","og_url":"https:\/\/verdimed.com\/producto\/minis\/","og_site_name":"Verdimed","article_modified_time":"2022-07-01T13:54:55+00:00","og_image":[{"width":1200,"height":1200,"url":"https:\/\/verdimed.com\/wp-content\/uploads\/2021\/09\/product-mini-broccoli-cauliflower-romanesco.jpg","type":"image\/jpeg"}],"twitter_card":"summary_large_image","twitter_site":"@verdimed","twitter_misc":{"Dur\u00e9e de lecture estim\u00e9e":"1 minute"},"schema":{"@context":"https:\/\/schema.org","@graph":[{"@type":"WebPage","@id":"https:\/\/verdimed.com\/producto\/minis\/","url":"https:\/\/verdimed.com\/producto\/minis\/","name":"Minis | Verdimed","isPartOf":{"@id":"https:\/\/verdimed.com\/#website"},"datePublished":"2021-09-29T08:07:13+00:00","dateModified":"2022-07-01T13:54:55+00:00","breadcrumb":{"@id":"https:\/\/verdimed.com\/producto\/minis\/#breadcrumb"},"inLanguage":"fr-FR","potentialAction":[{"@type":"ReadAction","target":["https:\/\/verdimed.com\/producto\/minis\/"]}]},{"@type":"BreadcrumbList","@id":"https:\/\/verdimed.com\/producto\/minis\/#breadcrumb","itemListElement":[{"@type":"ListItem","position":1,"name":"Portada","item":"https:\/\/verdimed.com\/"},{"@type":"ListItem","position":2,"name":"Boutique","item":"https:\/\/verdimed.com\/fr\/boutique\/"},{"@type":"ListItem","position":3,"name":"Minis"}]},{"@type":"WebSite","@id":"https:\/\/verdimed.com\/#website","url":"https:\/\/verdimed.com\/","name":"Verdimed","description":"Evoluci\u00f3n natural","publisher":{"@id":"https:\/\/verdimed.com\/#organization"},"potentialAction":[{"@type":"SearchAction","target":{"@type":"EntryPoint","urlTemplate":"https:\/\/verdimed.com\/?s={search_term_string}"},"query-input":"required name=search_term_string"}],"inLanguage":"fr-FR"},{"@type":"Organization","@id":"https:\/\/verdimed.com\/#organization","name":"VERDIMED, S.A.U.","url":"https:\/\/verdimed.com\/","logo":{"@type":"ImageObject","inLanguage":"fr-FR","@id":"https:\/\/verdimed.com\/#\/schema\/logo\/image\/","url":"https:\/\/verdimed.com\/wp-content\/uploads\/2021\/09\/logo-verdimed-440.png","contentUrl":"https:\/\/verdimed.com\/wp-content\/uploads\/2021\/09\/logo-verdimed-440.png","width":440,"height":120,"caption":"VERDIMED, S.A.U."},"image":{"@id":"https:\/\/verdimed.com\/#\/schema\/logo\/image\/"},"sameAs":["https:\/\/www.instagram.com\/verdimed_oficial\/","https:\/\/es.linkedin.com\/company\/verdimed","https:\/\/twitter.com\/verdimed"]}]}},"_links":{"self":[{"href":"https:\/\/verdimed.com\/fr\/wp-json\/wp\/v2\/product\/6194"}],"collection":[{"href":"https:\/\/verdimed.com\/fr\/wp-json\/wp\/v2\/product"}],"about":[{"href":"https:\/\/verdimed.com\/fr\/wp-json\/wp\/v2\/types\/product"}],"replies":[{"embeddable":true,"href":"https:\/\/verdimed.com\/fr\/wp-json\/wp\/v2\/comments?post=6194"}],"wp:featuredmedia":[{"embeddable":true,"href":"https:\/\/verdimed.com\/fr\/wp-json\/wp\/v2\/media\/6752"}],"wp:attachment":[{"href":"https:\/\/verdimed.com\/fr\/wp-json\/wp\/v2\/media?parent=6194"}],"wp:term":[{"taxonomy":"product_cat","embeddable":true,"href":"https:\/\/verdimed.com\/fr\/wp-json\/wp\/v2\/product_cat?post=6194"},{"taxonomy":"product_tag","embeddable":true,"href":"https:\/\/verdimed.com\/fr\/wp-json\/wp\/v2\/product_tag?post=6194"}],"curies":[{"name":"wp","href":"https:\/\/api.w.org\/{rel}","templated":true}]}}