{"id":6187,"date":"2021-09-28T19:28:59","date_gmt":"2021-09-28T19:28:59","guid":{"rendered":"http:\/\/3d3.verdimed.es\/?post_type=product&#038;p=6187"},"modified":"2022-06-08T09:21:49","modified_gmt":"2022-06-08T09:21:49","slug":"espinacas","status":"publish","type":"product","link":"https:\/\/verdimed.com\/fr\/producto\/espinacas\/","title":{"rendered":"Espinacas"},"content":{"rendered":"<p><img decoding=\"async\" loading=\"lazy\" class=\"alignnone size-full wp-image-7204\" src=\"https:\/\/verdimed.com\/wp-content\/uploads\/2022\/05\/calendario-espinaca-verdimed.png\" alt=\"\" width=\"1240\" height=\"295\" srcset=\"https:\/\/verdimed.com\/wp-content\/uploads\/2022\/05\/calendario-espinaca-verdimed.png 1240w, https:\/\/verdimed.com\/wp-content\/uploads\/2022\/05\/calendario-espinaca-verdimed-600x143.png 600w, https:\/\/verdimed.com\/wp-content\/uploads\/2022\/05\/calendario-espinaca-verdimed-300x71.png 300w, https:\/\/verdimed.com\/wp-content\/uploads\/2022\/05\/calendario-espinaca-verdimed-1024x244.png 1024w, https:\/\/verdimed.com\/wp-content\/uploads\/2022\/05\/calendario-espinaca-verdimed-768x183.png 768w\" sizes=\"(max-width: 1240px) 100vw, 1240px\" \/><\/p>\n","protected":false},"excerpt":{"rendered":"<p>Verdimed es uno de los mayores productores y exportadores de espinaca fresca de Espa\u00f1a.<br \/>\nNuestras fincas de producci\u00f3n se hallan principalmente en la provincia de Murcia, aunque en los meses de verano nos desplazamos a otras provincias espa\u00f1olas buscando el clima adecuado para asegurar la mejor calidad posible.<br \/>\nLa espinaca es una planta herb\u00e1cea de la familia de las Quenopodi\u00e1ceas, originaria de Asia occidental que se introdujo en Europa a finales de la Edad Media.<br \/>\nFue en el siglo pasado cuando la espinaca se populariz\u00f3 en todo el viejo continente y un poco m\u00e1s tarde en Am\u00e9rica. Incluso los \u00e1rabes, comprobaron que la espinaca era buena para el h\u00edgado lo que despu\u00e9s se ha demostrado cient\u00edficamente por la presencia en sus hojas de secretina en combinaci\u00f3n con la saponina.<\/p>\n","protected":false},"featured_media":6420,"comment_status":"closed","ping_status":"closed","template":"","meta":[],"product_cat":[47],"product_tag":[],"acf":[],"yoast_head":"<!-- This site is optimized with the Yoast SEO plugin v19.14 - https:\/\/yoast.com\/wordpress\/plugins\/seo\/ -->\n<title>Espinacas | Verdimed<\/title>\n<meta name=\"robots\" content=\"index, follow, max-snippet:-1, max-image-preview:large, max-video-preview:-1\" \/>\n<link rel=\"canonical\" href=\"https:\/\/verdimed.com\/producto\/espinacas\/\" \/>\n<meta property=\"og:locale\" content=\"fr_FR\" \/>\n<meta property=\"og:type\" content=\"article\" \/>\n<meta property=\"og:title\" content=\"Espinacas | Verdimed\" \/>\n<meta property=\"og:description\" content=\"Verdimed es uno de los mayores productores y exportadores de espinaca fresca de Espa\u00f1a. Nuestras fincas de producci\u00f3n se hallan principalmente en la provincia de Murcia, aunque en los meses de verano nos desplazamos a otras provincias espa\u00f1olas buscando el clima adecuado para asegurar la mejor calidad posible. La espinaca es una planta herb\u00e1cea de la familia de las Quenopodi\u00e1ceas, originaria de Asia occidental que se introdujo en Europa a finales de la Edad Media. Fue en el siglo pasado cuando la espinaca se populariz\u00f3 en todo el viejo continente y un poco m\u00e1s tarde en Am\u00e9rica. Incluso los \u00e1rabes, comprobaron que la espinaca era buena para el h\u00edgado lo que despu\u00e9s se ha demostrado cient\u00edficamente por la presencia en sus hojas de secretina en combinaci\u00f3n con la saponina.\" \/>\n<meta property=\"og:url\" content=\"https:\/\/verdimed.com\/producto\/espinacas\/\" \/>\n<meta property=\"og:site_name\" content=\"Verdimed\" \/>\n<meta property=\"article:modified_time\" content=\"2022-06-08T09:21:49+00:00\" \/>\n<meta property=\"og:image\" content=\"https:\/\/verdimed.com\/wp-content\/uploads\/2021\/10\/product-leaves-spinach.jpg\" \/>\n\t<meta property=\"og:image:width\" content=\"1200\" \/>\n\t<meta property=\"og:image:height\" content=\"1200\" \/>\n\t<meta property=\"og:image:type\" content=\"image\/jpeg\" \/>\n<meta name=\"twitter:card\" content=\"summary_large_image\" \/>\n<meta name=\"twitter:site\" content=\"@verdimed\" \/>\n<script type=\"application\/ld+json\" class=\"yoast-schema-graph\">{\"@context\":\"https:\/\/schema.org\",\"@graph\":[{\"@type\":\"WebPage\",\"@id\":\"https:\/\/verdimed.com\/producto\/espinacas\/\",\"url\":\"https:\/\/verdimed.com\/producto\/espinacas\/\",\"name\":\"Espinacas | Verdimed\",\"isPartOf\":{\"@id\":\"https:\/\/verdimed.com\/#website\"},\"datePublished\":\"2021-09-28T19:28:59+00:00\",\"dateModified\":\"2022-06-08T09:21:49+00:00\",\"breadcrumb\":{\"@id\":\"https:\/\/verdimed.com\/producto\/espinacas\/#breadcrumb\"},\"inLanguage\":\"fr-FR\",\"potentialAction\":[{\"@type\":\"ReadAction\",\"target\":[\"https:\/\/verdimed.com\/producto\/espinacas\/\"]}]},{\"@type\":\"BreadcrumbList\",\"@id\":\"https:\/\/verdimed.com\/producto\/espinacas\/#breadcrumb\",\"itemListElement\":[{\"@type\":\"ListItem\",\"position\":1,\"name\":\"Portada\",\"item\":\"https:\/\/verdimed.com\/\"},{\"@type\":\"ListItem\",\"position\":2,\"name\":\"Boutique\",\"item\":\"https:\/\/verdimed.com\/fr\/boutique\/\"},{\"@type\":\"ListItem\",\"position\":3,\"name\":\"Espinacas\"}]},{\"@type\":\"WebSite\",\"@id\":\"https:\/\/verdimed.com\/#website\",\"url\":\"https:\/\/verdimed.com\/\",\"name\":\"Verdimed\",\"description\":\"Evoluci\u00f3n natural\",\"publisher\":{\"@id\":\"https:\/\/verdimed.com\/#organization\"},\"potentialAction\":[{\"@type\":\"SearchAction\",\"target\":{\"@type\":\"EntryPoint\",\"urlTemplate\":\"https:\/\/verdimed.com\/?s={search_term_string}\"},\"query-input\":\"required name=search_term_string\"}],\"inLanguage\":\"fr-FR\"},{\"@type\":\"Organization\",\"@id\":\"https:\/\/verdimed.com\/#organization\",\"name\":\"VERDIMED, S.A.U.\",\"url\":\"https:\/\/verdimed.com\/\",\"logo\":{\"@type\":\"ImageObject\",\"inLanguage\":\"fr-FR\",\"@id\":\"https:\/\/verdimed.com\/#\/schema\/logo\/image\/\",\"url\":\"https:\/\/verdimed.com\/wp-content\/uploads\/2021\/09\/logo-verdimed-440.png\",\"contentUrl\":\"https:\/\/verdimed.com\/wp-content\/uploads\/2021\/09\/logo-verdimed-440.png\",\"width\":440,\"height\":120,\"caption\":\"VERDIMED, S.A.U.\"},\"image\":{\"@id\":\"https:\/\/verdimed.com\/#\/schema\/logo\/image\/\"},\"sameAs\":[\"https:\/\/www.instagram.com\/verdimed_oficial\/\",\"https:\/\/es.linkedin.com\/company\/verdimed\",\"https:\/\/twitter.com\/verdimed\"]}]}<\/script>\n<!-- \/ Yoast SEO plugin. -->","yoast_head_json":{"title":"Espinacas | Verdimed","robots":{"index":"index","follow":"follow","max-snippet":"max-snippet:-1","max-image-preview":"max-image-preview:large","max-video-preview":"max-video-preview:-1"},"canonical":"https:\/\/verdimed.com\/producto\/espinacas\/","og_locale":"fr_FR","og_type":"article","og_title":"Espinacas | Verdimed","og_description":"Verdimed es uno de los mayores productores y exportadores de espinaca fresca de Espa\u00f1a. Nuestras fincas de producci\u00f3n se hallan principalmente en la provincia de Murcia, aunque en los meses de verano nos desplazamos a otras provincias espa\u00f1olas buscando el clima adecuado para asegurar la mejor calidad posible. La espinaca es una planta herb\u00e1cea de la familia de las Quenopodi\u00e1ceas, originaria de Asia occidental que se introdujo en Europa a finales de la Edad Media. Fue en el siglo pasado cuando la espinaca se populariz\u00f3 en todo el viejo continente y un poco m\u00e1s tarde en Am\u00e9rica. Incluso los \u00e1rabes, comprobaron que la espinaca era buena para el h\u00edgado lo que despu\u00e9s se ha demostrado cient\u00edficamente por la presencia en sus hojas de secretina en combinaci\u00f3n con la saponina.","og_url":"https:\/\/verdimed.com\/producto\/espinacas\/","og_site_name":"Verdimed","article_modified_time":"2022-06-08T09:21:49+00:00","og_image":[{"width":1200,"height":1200,"url":"https:\/\/verdimed.com\/wp-content\/uploads\/2021\/10\/product-leaves-spinach.jpg","type":"image\/jpeg"}],"twitter_card":"summary_large_image","twitter_site":"@verdimed","schema":{"@context":"https:\/\/schema.org","@graph":[{"@type":"WebPage","@id":"https:\/\/verdimed.com\/producto\/espinacas\/","url":"https:\/\/verdimed.com\/producto\/espinacas\/","name":"Espinacas | Verdimed","isPartOf":{"@id":"https:\/\/verdimed.com\/#website"},"datePublished":"2021-09-28T19:28:59+00:00","dateModified":"2022-06-08T09:21:49+00:00","breadcrumb":{"@id":"https:\/\/verdimed.com\/producto\/espinacas\/#breadcrumb"},"inLanguage":"fr-FR","potentialAction":[{"@type":"ReadAction","target":["https:\/\/verdimed.com\/producto\/espinacas\/"]}]},{"@type":"BreadcrumbList","@id":"https:\/\/verdimed.com\/producto\/espinacas\/#breadcrumb","itemListElement":[{"@type":"ListItem","position":1,"name":"Portada","item":"https:\/\/verdimed.com\/"},{"@type":"ListItem","position":2,"name":"Boutique","item":"https:\/\/verdimed.com\/fr\/boutique\/"},{"@type":"ListItem","position":3,"name":"Espinacas"}]},{"@type":"WebSite","@id":"https:\/\/verdimed.com\/#website","url":"https:\/\/verdimed.com\/","name":"Verdimed","description":"Evoluci\u00f3n natural","publisher":{"@id":"https:\/\/verdimed.com\/#organization"},"potentialAction":[{"@type":"SearchAction","target":{"@type":"EntryPoint","urlTemplate":"https:\/\/verdimed.com\/?s={search_term_string}"},"query-input":"required name=search_term_string"}],"inLanguage":"fr-FR"},{"@type":"Organization","@id":"https:\/\/verdimed.com\/#organization","name":"VERDIMED, S.A.U.","url":"https:\/\/verdimed.com\/","logo":{"@type":"ImageObject","inLanguage":"fr-FR","@id":"https:\/\/verdimed.com\/#\/schema\/logo\/image\/","url":"https:\/\/verdimed.com\/wp-content\/uploads\/2021\/09\/logo-verdimed-440.png","contentUrl":"https:\/\/verdimed.com\/wp-content\/uploads\/2021\/09\/logo-verdimed-440.png","width":440,"height":120,"caption":"VERDIMED, S.A.U."},"image":{"@id":"https:\/\/verdimed.com\/#\/schema\/logo\/image\/"},"sameAs":["https:\/\/www.instagram.com\/verdimed_oficial\/","https:\/\/es.linkedin.com\/company\/verdimed","https:\/\/twitter.com\/verdimed"]}]}},"_links":{"self":[{"href":"https:\/\/verdimed.com\/fr\/wp-json\/wp\/v2\/product\/6187"}],"collection":[{"href":"https:\/\/verdimed.com\/fr\/wp-json\/wp\/v2\/product"}],"about":[{"href":"https:\/\/verdimed.com\/fr\/wp-json\/wp\/v2\/types\/product"}],"replies":[{"embeddable":true,"href":"https:\/\/verdimed.com\/fr\/wp-json\/wp\/v2\/comments?post=6187"}],"wp:featuredmedia":[{"embeddable":true,"href":"https:\/\/verdimed.com\/fr\/wp-json\/wp\/v2\/media\/6420"}],"wp:attachment":[{"href":"https:\/\/verdimed.com\/fr\/wp-json\/wp\/v2\/media?parent=6187"}],"wp:term":[{"taxonomy":"product_cat","embeddable":true,"href":"https:\/\/verdimed.com\/fr\/wp-json\/wp\/v2\/product_cat?post=6187"},{"taxonomy":"product_tag","embeddable":true,"href":"https:\/\/verdimed.com\/fr\/wp-json\/wp\/v2\/product_tag?post=6187"}],"curies":[{"name":"wp","href":"https:\/\/api.w.org\/{rel}","templated":true}]}}