{"id":6038,"date":"2021-09-15T13:04:08","date_gmt":"2021-09-15T13:04:08","guid":{"rendered":"http:\/\/3d3.verdimed.es\/?post_type=product&#038;p=6038"},"modified":"2022-07-29T07:59:05","modified_gmt":"2022-07-29T07:59:05","slug":"brocoli-ecologico","status":"publish","type":"product","link":"https:\/\/verdimed.com\/fr\/producto\/brocoli-ecologico\/","title":{"rendered":"Br\u00f3coli ecol\u00f3gico"},"content":{"rendered":"<p><img decoding=\"async\" loading=\"lazy\" class=\"alignnone wp-image-7292 size-full\" src=\"https:\/\/verdimed.com\/wp-content\/uploads\/2022\/06\/calendario-brocoli-ecologico-verdimed.png\" alt=\"\" width=\"1240\" height=\"295\" srcset=\"https:\/\/verdimed.com\/wp-content\/uploads\/2022\/06\/calendario-brocoli-ecologico-verdimed.png 1240w, https:\/\/verdimed.com\/wp-content\/uploads\/2022\/06\/calendario-brocoli-ecologico-verdimed-600x143.png 600w, https:\/\/verdimed.com\/wp-content\/uploads\/2022\/06\/calendario-brocoli-ecologico-verdimed-300x71.png 300w, https:\/\/verdimed.com\/wp-content\/uploads\/2022\/06\/calendario-brocoli-ecologico-verdimed-1024x244.png 1024w, https:\/\/verdimed.com\/wp-content\/uploads\/2022\/06\/calendario-brocoli-ecologico-verdimed-768x183.png 768w\" sizes=\"(max-width: 1240px) 100vw, 1240px\" \/><\/p>\n","protected":false},"excerpt":{"rendered":"<p>El br\u00f3coli est\u00e1 incluido dentro de la categor\u00eda de s\u00faper alimentos, ya que es la hortaliza con mayor valor nutritivo. Esta caracter\u00edstica se ve aumentada cuando es un producto ecol\u00f3gico.<\/p>\n<p>Proporciona, entre otras, vitamina B1, E, A y C. El br\u00f3coli ecol\u00f3gico tambi\u00e9n tiene grandes propiedades antioxidantes y ayuda a la formaci\u00f3n de col\u00e1geno.<\/p>\n<p>Entre los minerales que aporta el br\u00f3coli ecol\u00f3gico destaca el potasio, aunque cuenta tambi\u00e9n con cantidades espec\u00edficas de calcio, zinc, yodo, hierro y magnesio.<\/p>\n","protected":false},"featured_media":6694,"comment_status":"closed","ping_status":"closed","template":"","meta":[],"product_cat":[50],"product_tag":[],"acf":[],"yoast_head":"<!-- This site is optimized with the Yoast SEO plugin v19.14 - https:\/\/yoast.com\/wordpress\/plugins\/seo\/ -->\n<title>Br\u00f3coli ecol\u00f3gico | Verdimed<\/title>\n<meta name=\"robots\" content=\"index, follow, max-snippet:-1, max-image-preview:large, max-video-preview:-1\" \/>\n<link rel=\"canonical\" href=\"https:\/\/verdimed.com\/producto\/brocoli-ecologico\/\" \/>\n<meta property=\"og:locale\" content=\"fr_FR\" \/>\n<meta property=\"og:type\" content=\"article\" \/>\n<meta property=\"og:title\" content=\"Br\u00f3coli ecol\u00f3gico | Verdimed\" \/>\n<meta property=\"og:description\" content=\"El br\u00f3coli est\u00e1 incluido dentro de la categor\u00eda de s\u00faper alimentos, ya que es la hortaliza con mayor valor nutritivo. Esta caracter\u00edstica se ve aumentada cuando es un producto ecol\u00f3gico.  Proporciona, entre otras, vitamina B1, E, A y C. El br\u00f3coli ecol\u00f3gico tambi\u00e9n tiene grandes propiedades antioxidantes y ayuda a la formaci\u00f3n de col\u00e1geno.  Entre los minerales que aporta el br\u00f3coli ecol\u00f3gico destaca el potasio, aunque cuenta tambi\u00e9n con cantidades espec\u00edficas de calcio, zinc, yodo, hierro y magnesio.\" \/>\n<meta property=\"og:url\" content=\"https:\/\/verdimed.com\/producto\/brocoli-ecologico\/\" \/>\n<meta property=\"og:site_name\" content=\"Verdimed\" \/>\n<meta property=\"article:modified_time\" content=\"2022-07-29T07:59:05+00:00\" \/>\n<meta property=\"og:image\" content=\"https:\/\/verdimed.com\/wp-content\/uploads\/2022\/05\/product-cabbage-broccoli-eco.jpg\" \/>\n\t<meta property=\"og:image:width\" content=\"1200\" \/>\n\t<meta property=\"og:image:height\" content=\"1200\" \/>\n\t<meta property=\"og:image:type\" content=\"image\/jpeg\" \/>\n<meta name=\"twitter:card\" content=\"summary_large_image\" \/>\n<meta name=\"twitter:site\" content=\"@verdimed\" \/>\n<meta name=\"twitter:label1\" content=\"Dur\u00e9e de lecture estim\u00e9e\" \/>\n\t<meta name=\"twitter:data1\" content=\"1 minute\" \/>\n<script type=\"application\/ld+json\" class=\"yoast-schema-graph\">{\"@context\":\"https:\/\/schema.org\",\"@graph\":[{\"@type\":\"WebPage\",\"@id\":\"https:\/\/verdimed.com\/producto\/brocoli-ecologico\/\",\"url\":\"https:\/\/verdimed.com\/producto\/brocoli-ecologico\/\",\"name\":\"Br\u00f3coli ecol\u00f3gico | Verdimed\",\"isPartOf\":{\"@id\":\"https:\/\/verdimed.com\/#website\"},\"datePublished\":\"2021-09-15T13:04:08+00:00\",\"dateModified\":\"2022-07-29T07:59:05+00:00\",\"breadcrumb\":{\"@id\":\"https:\/\/verdimed.com\/producto\/brocoli-ecologico\/#breadcrumb\"},\"inLanguage\":\"fr-FR\",\"potentialAction\":[{\"@type\":\"ReadAction\",\"target\":[\"https:\/\/verdimed.com\/producto\/brocoli-ecologico\/\"]}]},{\"@type\":\"BreadcrumbList\",\"@id\":\"https:\/\/verdimed.com\/producto\/brocoli-ecologico\/#breadcrumb\",\"itemListElement\":[{\"@type\":\"ListItem\",\"position\":1,\"name\":\"Portada\",\"item\":\"https:\/\/verdimed.com\/\"},{\"@type\":\"ListItem\",\"position\":2,\"name\":\"Boutique\",\"item\":\"https:\/\/verdimed.com\/fr\/boutique\/\"},{\"@type\":\"ListItem\",\"position\":3,\"name\":\"Br\u00f3coli ecol\u00f3gico\"}]},{\"@type\":\"WebSite\",\"@id\":\"https:\/\/verdimed.com\/#website\",\"url\":\"https:\/\/verdimed.com\/\",\"name\":\"Verdimed\",\"description\":\"Evoluci\u00f3n natural\",\"publisher\":{\"@id\":\"https:\/\/verdimed.com\/#organization\"},\"potentialAction\":[{\"@type\":\"SearchAction\",\"target\":{\"@type\":\"EntryPoint\",\"urlTemplate\":\"https:\/\/verdimed.com\/?s={search_term_string}\"},\"query-input\":\"required name=search_term_string\"}],\"inLanguage\":\"fr-FR\"},{\"@type\":\"Organization\",\"@id\":\"https:\/\/verdimed.com\/#organization\",\"name\":\"VERDIMED, S.A.U.\",\"url\":\"https:\/\/verdimed.com\/\",\"logo\":{\"@type\":\"ImageObject\",\"inLanguage\":\"fr-FR\",\"@id\":\"https:\/\/verdimed.com\/#\/schema\/logo\/image\/\",\"url\":\"https:\/\/verdimed.com\/wp-content\/uploads\/2021\/09\/logo-verdimed-440.png\",\"contentUrl\":\"https:\/\/verdimed.com\/wp-content\/uploads\/2021\/09\/logo-verdimed-440.png\",\"width\":440,\"height\":120,\"caption\":\"VERDIMED, S.A.U.\"},\"image\":{\"@id\":\"https:\/\/verdimed.com\/#\/schema\/logo\/image\/\"},\"sameAs\":[\"https:\/\/www.instagram.com\/verdimed_oficial\/\",\"https:\/\/es.linkedin.com\/company\/verdimed\",\"https:\/\/twitter.com\/verdimed\"]}]}<\/script>\n<!-- \/ Yoast SEO plugin. -->","yoast_head_json":{"title":"Br\u00f3coli ecol\u00f3gico | Verdimed","robots":{"index":"index","follow":"follow","max-snippet":"max-snippet:-1","max-image-preview":"max-image-preview:large","max-video-preview":"max-video-preview:-1"},"canonical":"https:\/\/verdimed.com\/producto\/brocoli-ecologico\/","og_locale":"fr_FR","og_type":"article","og_title":"Br\u00f3coli ecol\u00f3gico | Verdimed","og_description":"El br\u00f3coli est\u00e1 incluido dentro de la categor\u00eda de s\u00faper alimentos, ya que es la hortaliza con mayor valor nutritivo. Esta caracter\u00edstica se ve aumentada cuando es un producto ecol\u00f3gico.  Proporciona, entre otras, vitamina B1, E, A y C. El br\u00f3coli ecol\u00f3gico tambi\u00e9n tiene grandes propiedades antioxidantes y ayuda a la formaci\u00f3n de col\u00e1geno.  Entre los minerales que aporta el br\u00f3coli ecol\u00f3gico destaca el potasio, aunque cuenta tambi\u00e9n con cantidades espec\u00edficas de calcio, zinc, yodo, hierro y magnesio.","og_url":"https:\/\/verdimed.com\/producto\/brocoli-ecologico\/","og_site_name":"Verdimed","article_modified_time":"2022-07-29T07:59:05+00:00","og_image":[{"width":1200,"height":1200,"url":"https:\/\/verdimed.com\/wp-content\/uploads\/2022\/05\/product-cabbage-broccoli-eco.jpg","type":"image\/jpeg"}],"twitter_card":"summary_large_image","twitter_site":"@verdimed","twitter_misc":{"Dur\u00e9e de lecture estim\u00e9e":"1 minute"},"schema":{"@context":"https:\/\/schema.org","@graph":[{"@type":"WebPage","@id":"https:\/\/verdimed.com\/producto\/brocoli-ecologico\/","url":"https:\/\/verdimed.com\/producto\/brocoli-ecologico\/","name":"Br\u00f3coli ecol\u00f3gico | Verdimed","isPartOf":{"@id":"https:\/\/verdimed.com\/#website"},"datePublished":"2021-09-15T13:04:08+00:00","dateModified":"2022-07-29T07:59:05+00:00","breadcrumb":{"@id":"https:\/\/verdimed.com\/producto\/brocoli-ecologico\/#breadcrumb"},"inLanguage":"fr-FR","potentialAction":[{"@type":"ReadAction","target":["https:\/\/verdimed.com\/producto\/brocoli-ecologico\/"]}]},{"@type":"BreadcrumbList","@id":"https:\/\/verdimed.com\/producto\/brocoli-ecologico\/#breadcrumb","itemListElement":[{"@type":"ListItem","position":1,"name":"Portada","item":"https:\/\/verdimed.com\/"},{"@type":"ListItem","position":2,"name":"Boutique","item":"https:\/\/verdimed.com\/fr\/boutique\/"},{"@type":"ListItem","position":3,"name":"Br\u00f3coli ecol\u00f3gico"}]},{"@type":"WebSite","@id":"https:\/\/verdimed.com\/#website","url":"https:\/\/verdimed.com\/","name":"Verdimed","description":"Evoluci\u00f3n natural","publisher":{"@id":"https:\/\/verdimed.com\/#organization"},"potentialAction":[{"@type":"SearchAction","target":{"@type":"EntryPoint","urlTemplate":"https:\/\/verdimed.com\/?s={search_term_string}"},"query-input":"required name=search_term_string"}],"inLanguage":"fr-FR"},{"@type":"Organization","@id":"https:\/\/verdimed.com\/#organization","name":"VERDIMED, S.A.U.","url":"https:\/\/verdimed.com\/","logo":{"@type":"ImageObject","inLanguage":"fr-FR","@id":"https:\/\/verdimed.com\/#\/schema\/logo\/image\/","url":"https:\/\/verdimed.com\/wp-content\/uploads\/2021\/09\/logo-verdimed-440.png","contentUrl":"https:\/\/verdimed.com\/wp-content\/uploads\/2021\/09\/logo-verdimed-440.png","width":440,"height":120,"caption":"VERDIMED, S.A.U."},"image":{"@id":"https:\/\/verdimed.com\/#\/schema\/logo\/image\/"},"sameAs":["https:\/\/www.instagram.com\/verdimed_oficial\/","https:\/\/es.linkedin.com\/company\/verdimed","https:\/\/twitter.com\/verdimed"]}]}},"_links":{"self":[{"href":"https:\/\/verdimed.com\/fr\/wp-json\/wp\/v2\/product\/6038"}],"collection":[{"href":"https:\/\/verdimed.com\/fr\/wp-json\/wp\/v2\/product"}],"about":[{"href":"https:\/\/verdimed.com\/fr\/wp-json\/wp\/v2\/types\/product"}],"replies":[{"embeddable":true,"href":"https:\/\/verdimed.com\/fr\/wp-json\/wp\/v2\/comments?post=6038"}],"wp:featuredmedia":[{"embeddable":true,"href":"https:\/\/verdimed.com\/fr\/wp-json\/wp\/v2\/media\/6694"}],"wp:attachment":[{"href":"https:\/\/verdimed.com\/fr\/wp-json\/wp\/v2\/media?parent=6038"}],"wp:term":[{"taxonomy":"product_cat","embeddable":true,"href":"https:\/\/verdimed.com\/fr\/wp-json\/wp\/v2\/product_cat?post=6038"},{"taxonomy":"product_tag","embeddable":true,"href":"https:\/\/verdimed.com\/fr\/wp-json\/wp\/v2\/product_tag?post=6038"}],"curies":[{"name":"wp","href":"https:\/\/api.w.org\/{rel}","templated":true}]}}