{"id":6037,"date":"2021-09-15T13:02:23","date_gmt":"2021-09-15T13:02:23","guid":{"rendered":"http:\/\/3d3.verdimed.es\/?post_type=product&#038;p=6037"},"modified":"2022-07-01T14:18:57","modified_gmt":"2022-07-01T14:18:57","slug":"ensaladas-no-lavadas","status":"publish","type":"product","link":"https:\/\/verdimed.com\/fr\/producto\/ensaladas-no-lavadas\/","title":{"rendered":"Ensaladas no lavadas"},"content":{"rendered":"<p><img decoding=\"async\" loading=\"lazy\" class=\"alignnone size-full wp-image-7338\" src=\"https:\/\/verdimed.com\/wp-content\/uploads\/2021\/09\/calendario-ensaladas-no-lavadas-verdimed.png\" alt=\"\" width=\"1240\" height=\"295\" srcset=\"https:\/\/verdimed.com\/wp-content\/uploads\/2021\/09\/calendario-ensaladas-no-lavadas-verdimed.png 1240w, https:\/\/verdimed.com\/wp-content\/uploads\/2021\/09\/calendario-ensaladas-no-lavadas-verdimed-600x143.png 600w, https:\/\/verdimed.com\/wp-content\/uploads\/2021\/09\/calendario-ensaladas-no-lavadas-verdimed-300x71.png 300w, https:\/\/verdimed.com\/wp-content\/uploads\/2021\/09\/calendario-ensaladas-no-lavadas-verdimed-1024x244.png 1024w, https:\/\/verdimed.com\/wp-content\/uploads\/2021\/09\/calendario-ensaladas-no-lavadas-verdimed-768x183.png 768w\" sizes=\"(max-width: 1240px) 100vw, 1240px\" \/><\/p>\n","protected":false},"excerpt":{"rendered":"<p>Con la combinaci\u00f3n de nuestras baby leaf y espinacas, e incluso en mono-producto, somos capaces de producir ensaladas no lavadas en distintos formatos.<br \/>\nLas ensaladas no lavadas son envasadas, tras un proceso adecuado de enfriado, inmediatamente despu\u00e9s de que nos llega la materia prima a nuestras instalaciones. Este proceso confiere al producto final la ventaja de alargar su vida \u00fatil al no pasar por ning\u00fan proceso mec\u00e1nico ni de lavado previos.<\/p>\n<p><b>Tri-Mix<\/b><br \/>\nBandeja de tres cavidades en las que se combinan una pieza de Little Gem con dos baby leaf o espinaca.<br \/>\n<b><\/b><\/p>\n<p><b>Napolitana<\/b><br \/>\nBandeja con la combinaci\u00f3n de Espinaca Baby, Red Chard y R\u00facula. Formatos desde 100 gr. hasta 150 gr.<br \/>\n<b><\/b><\/p>\n<p><b>Mix-Salad<\/b><br \/>\nCombinaci\u00f3n de 2 a 5 baby leaf y espinacas en formatos de bolsa (100-1.000 gr) y bandeja (100-150 gr).<\/p>\n","protected":false},"featured_media":6740,"comment_status":"closed","ping_status":"closed","template":"","meta":[],"product_cat":[48],"product_tag":[],"acf":[],"yoast_head":"<!-- This site is optimized with the Yoast SEO plugin v19.14 - https:\/\/yoast.com\/wordpress\/plugins\/seo\/ -->\n<title>Ensaladas no lavadas | Verdimed<\/title>\n<meta name=\"robots\" content=\"index, follow, max-snippet:-1, max-image-preview:large, max-video-preview:-1\" \/>\n<link rel=\"canonical\" href=\"https:\/\/verdimed.com\/producto\/ensaladas-no-lavadas\/\" \/>\n<meta property=\"og:locale\" content=\"fr_FR\" \/>\n<meta property=\"og:type\" content=\"article\" \/>\n<meta property=\"og:title\" content=\"Ensaladas no lavadas | Verdimed\" \/>\n<meta property=\"og:description\" content=\"Con la combinaci\u00f3n de nuestras baby leaf y espinacas, e incluso en mono-producto, somos capaces de producir ensaladas no lavadas en distintos formatos. Las ensaladas no lavadas son envasadas, tras un proceso adecuado de enfriado, inmediatamente despu\u00e9s de que nos llega la materia prima a nuestras instalaciones. Este proceso confiere al producto final la ventaja de alargar su vida \u00fatil al no pasar por ning\u00fan proceso mec\u00e1nico ni de lavado previos.  Tri-Mix Bandeja de tres cavidades en las que se combinan una pieza de Little Gem con dos baby leaf o espinaca.   Napolitana Bandeja con la combinaci\u00f3n de Espinaca Baby, Red Chard y R\u00facula. Formatos desde 100 gr. hasta 150 gr.   Mix-Salad Combinaci\u00f3n de 2 a 5 baby leaf y espinacas en formatos de bolsa (100-1.000 gr) y bandeja (100-150 gr).\" \/>\n<meta property=\"og:url\" content=\"https:\/\/verdimed.com\/producto\/ensaladas-no-lavadas\/\" \/>\n<meta property=\"og:site_name\" content=\"Verdimed\" \/>\n<meta property=\"article:modified_time\" content=\"2022-07-01T14:18:57+00:00\" \/>\n<meta property=\"og:image\" content=\"https:\/\/verdimed.com\/wp-content\/uploads\/2021\/09\/product-unwashed-salad-naturmed-03.jpg\" \/>\n\t<meta property=\"og:image:width\" content=\"1200\" \/>\n\t<meta property=\"og:image:height\" content=\"1200\" \/>\n\t<meta property=\"og:image:type\" content=\"image\/jpeg\" \/>\n<meta name=\"twitter:card\" content=\"summary_large_image\" \/>\n<meta name=\"twitter:site\" content=\"@verdimed\" \/>\n<meta name=\"twitter:label1\" content=\"Dur\u00e9e de lecture estim\u00e9e\" \/>\n\t<meta name=\"twitter:data1\" content=\"1 minute\" \/>\n<script type=\"application\/ld+json\" class=\"yoast-schema-graph\">{\"@context\":\"https:\/\/schema.org\",\"@graph\":[{\"@type\":\"WebPage\",\"@id\":\"https:\/\/verdimed.com\/producto\/ensaladas-no-lavadas\/\",\"url\":\"https:\/\/verdimed.com\/producto\/ensaladas-no-lavadas\/\",\"name\":\"Ensaladas no lavadas | Verdimed\",\"isPartOf\":{\"@id\":\"https:\/\/verdimed.com\/#website\"},\"datePublished\":\"2021-09-15T13:02:23+00:00\",\"dateModified\":\"2022-07-01T14:18:57+00:00\",\"breadcrumb\":{\"@id\":\"https:\/\/verdimed.com\/producto\/ensaladas-no-lavadas\/#breadcrumb\"},\"inLanguage\":\"fr-FR\",\"potentialAction\":[{\"@type\":\"ReadAction\",\"target\":[\"https:\/\/verdimed.com\/producto\/ensaladas-no-lavadas\/\"]}]},{\"@type\":\"BreadcrumbList\",\"@id\":\"https:\/\/verdimed.com\/producto\/ensaladas-no-lavadas\/#breadcrumb\",\"itemListElement\":[{\"@type\":\"ListItem\",\"position\":1,\"name\":\"Portada\",\"item\":\"https:\/\/verdimed.com\/\"},{\"@type\":\"ListItem\",\"position\":2,\"name\":\"Boutique\",\"item\":\"https:\/\/verdimed.com\/fr\/boutique\/\"},{\"@type\":\"ListItem\",\"position\":3,\"name\":\"Ensaladas no lavadas\"}]},{\"@type\":\"WebSite\",\"@id\":\"https:\/\/verdimed.com\/#website\",\"url\":\"https:\/\/verdimed.com\/\",\"name\":\"Verdimed\",\"description\":\"Evoluci\u00f3n natural\",\"publisher\":{\"@id\":\"https:\/\/verdimed.com\/#organization\"},\"potentialAction\":[{\"@type\":\"SearchAction\",\"target\":{\"@type\":\"EntryPoint\",\"urlTemplate\":\"https:\/\/verdimed.com\/?s={search_term_string}\"},\"query-input\":\"required name=search_term_string\"}],\"inLanguage\":\"fr-FR\"},{\"@type\":\"Organization\",\"@id\":\"https:\/\/verdimed.com\/#organization\",\"name\":\"VERDIMED, S.A.U.\",\"url\":\"https:\/\/verdimed.com\/\",\"logo\":{\"@type\":\"ImageObject\",\"inLanguage\":\"fr-FR\",\"@id\":\"https:\/\/verdimed.com\/#\/schema\/logo\/image\/\",\"url\":\"https:\/\/verdimed.com\/wp-content\/uploads\/2021\/09\/logo-verdimed-440.png\",\"contentUrl\":\"https:\/\/verdimed.com\/wp-content\/uploads\/2021\/09\/logo-verdimed-440.png\",\"width\":440,\"height\":120,\"caption\":\"VERDIMED, S.A.U.\"},\"image\":{\"@id\":\"https:\/\/verdimed.com\/#\/schema\/logo\/image\/\"},\"sameAs\":[\"https:\/\/www.instagram.com\/verdimed_oficial\/\",\"https:\/\/es.linkedin.com\/company\/verdimed\",\"https:\/\/twitter.com\/verdimed\"]}]}<\/script>\n<!-- \/ Yoast SEO plugin. -->","yoast_head_json":{"title":"Ensaladas no lavadas | Verdimed","robots":{"index":"index","follow":"follow","max-snippet":"max-snippet:-1","max-image-preview":"max-image-preview:large","max-video-preview":"max-video-preview:-1"},"canonical":"https:\/\/verdimed.com\/producto\/ensaladas-no-lavadas\/","og_locale":"fr_FR","og_type":"article","og_title":"Ensaladas no lavadas | Verdimed","og_description":"Con la combinaci\u00f3n de nuestras baby leaf y espinacas, e incluso en mono-producto, somos capaces de producir ensaladas no lavadas en distintos formatos. Las ensaladas no lavadas son envasadas, tras un proceso adecuado de enfriado, inmediatamente despu\u00e9s de que nos llega la materia prima a nuestras instalaciones. Este proceso confiere al producto final la ventaja de alargar su vida \u00fatil al no pasar por ning\u00fan proceso mec\u00e1nico ni de lavado previos.  Tri-Mix Bandeja de tres cavidades en las que se combinan una pieza de Little Gem con dos baby leaf o espinaca.   Napolitana Bandeja con la combinaci\u00f3n de Espinaca Baby, Red Chard y R\u00facula. Formatos desde 100 gr. hasta 150 gr.   Mix-Salad Combinaci\u00f3n de 2 a 5 baby leaf y espinacas en formatos de bolsa (100-1.000 gr) y bandeja (100-150 gr).","og_url":"https:\/\/verdimed.com\/producto\/ensaladas-no-lavadas\/","og_site_name":"Verdimed","article_modified_time":"2022-07-01T14:18:57+00:00","og_image":[{"width":1200,"height":1200,"url":"https:\/\/verdimed.com\/wp-content\/uploads\/2021\/09\/product-unwashed-salad-naturmed-03.jpg","type":"image\/jpeg"}],"twitter_card":"summary_large_image","twitter_site":"@verdimed","twitter_misc":{"Dur\u00e9e de lecture estim\u00e9e":"1 minute"},"schema":{"@context":"https:\/\/schema.org","@graph":[{"@type":"WebPage","@id":"https:\/\/verdimed.com\/producto\/ensaladas-no-lavadas\/","url":"https:\/\/verdimed.com\/producto\/ensaladas-no-lavadas\/","name":"Ensaladas no lavadas | Verdimed","isPartOf":{"@id":"https:\/\/verdimed.com\/#website"},"datePublished":"2021-09-15T13:02:23+00:00","dateModified":"2022-07-01T14:18:57+00:00","breadcrumb":{"@id":"https:\/\/verdimed.com\/producto\/ensaladas-no-lavadas\/#breadcrumb"},"inLanguage":"fr-FR","potentialAction":[{"@type":"ReadAction","target":["https:\/\/verdimed.com\/producto\/ensaladas-no-lavadas\/"]}]},{"@type":"BreadcrumbList","@id":"https:\/\/verdimed.com\/producto\/ensaladas-no-lavadas\/#breadcrumb","itemListElement":[{"@type":"ListItem","position":1,"name":"Portada","item":"https:\/\/verdimed.com\/"},{"@type":"ListItem","position":2,"name":"Boutique","item":"https:\/\/verdimed.com\/fr\/boutique\/"},{"@type":"ListItem","position":3,"name":"Ensaladas no lavadas"}]},{"@type":"WebSite","@id":"https:\/\/verdimed.com\/#website","url":"https:\/\/verdimed.com\/","name":"Verdimed","description":"Evoluci\u00f3n natural","publisher":{"@id":"https:\/\/verdimed.com\/#organization"},"potentialAction":[{"@type":"SearchAction","target":{"@type":"EntryPoint","urlTemplate":"https:\/\/verdimed.com\/?s={search_term_string}"},"query-input":"required name=search_term_string"}],"inLanguage":"fr-FR"},{"@type":"Organization","@id":"https:\/\/verdimed.com\/#organization","name":"VERDIMED, S.A.U.","url":"https:\/\/verdimed.com\/","logo":{"@type":"ImageObject","inLanguage":"fr-FR","@id":"https:\/\/verdimed.com\/#\/schema\/logo\/image\/","url":"https:\/\/verdimed.com\/wp-content\/uploads\/2021\/09\/logo-verdimed-440.png","contentUrl":"https:\/\/verdimed.com\/wp-content\/uploads\/2021\/09\/logo-verdimed-440.png","width":440,"height":120,"caption":"VERDIMED, S.A.U."},"image":{"@id":"https:\/\/verdimed.com\/#\/schema\/logo\/image\/"},"sameAs":["https:\/\/www.instagram.com\/verdimed_oficial\/","https:\/\/es.linkedin.com\/company\/verdimed","https:\/\/twitter.com\/verdimed"]}]}},"_links":{"self":[{"href":"https:\/\/verdimed.com\/fr\/wp-json\/wp\/v2\/product\/6037"}],"collection":[{"href":"https:\/\/verdimed.com\/fr\/wp-json\/wp\/v2\/product"}],"about":[{"href":"https:\/\/verdimed.com\/fr\/wp-json\/wp\/v2\/types\/product"}],"replies":[{"embeddable":true,"href":"https:\/\/verdimed.com\/fr\/wp-json\/wp\/v2\/comments?post=6037"}],"wp:featuredmedia":[{"embeddable":true,"href":"https:\/\/verdimed.com\/fr\/wp-json\/wp\/v2\/media\/6740"}],"wp:attachment":[{"href":"https:\/\/verdimed.com\/fr\/wp-json\/wp\/v2\/media?parent=6037"}],"wp:term":[{"taxonomy":"product_cat","embeddable":true,"href":"https:\/\/verdimed.com\/fr\/wp-json\/wp\/v2\/product_cat?post=6037"},{"taxonomy":"product_tag","embeddable":true,"href":"https:\/\/verdimed.com\/fr\/wp-json\/wp\/v2\/product_tag?post=6037"}],"curies":[{"name":"wp","href":"https:\/\/api.w.org\/{rel}","templated":true}]}}