{"id":6036,"date":"2021-09-15T13:00:21","date_gmt":"2021-09-15T13:00:21","guid":{"rendered":"http:\/\/3d3.verdimed.es\/?post_type=product&#038;p=6036"},"modified":"2022-06-08T09:23:37","modified_gmt":"2022-06-08T09:23:37","slug":"rucula","status":"publish","type":"product","link":"https:\/\/verdimed.com\/fr\/producto\/rucula\/","title":{"rendered":"R\u00facula"},"content":{"rendered":"<p><img decoding=\"async\" loading=\"lazy\" class=\"alignnone size-full wp-image-7218\" src=\"https:\/\/verdimed.com\/wp-content\/uploads\/2022\/05\/calendario-rucula-verdimed.png\" alt=\"\" width=\"1240\" height=\"295\" srcset=\"https:\/\/verdimed.com\/wp-content\/uploads\/2022\/05\/calendario-rucula-verdimed.png 1240w, https:\/\/verdimed.com\/wp-content\/uploads\/2022\/05\/calendario-rucula-verdimed-600x143.png 600w, https:\/\/verdimed.com\/wp-content\/uploads\/2022\/05\/calendario-rucula-verdimed-300x71.png 300w, https:\/\/verdimed.com\/wp-content\/uploads\/2022\/05\/calendario-rucula-verdimed-1024x244.png 1024w, https:\/\/verdimed.com\/wp-content\/uploads\/2022\/05\/calendario-rucula-verdimed-768x183.png 768w\" sizes=\"(max-width: 1240px) 100vw, 1240px\" \/><\/p>\n","protected":false},"excerpt":{"rendered":"<p>Verdimed es productor y exportador de r\u00facula, tambi\u00e9n llamada r\u00facola, nuestra producci\u00f3n se realiza principalmente en la provincia de Murcia.<br \/>\nNuestra experiencia, las t\u00e9cnicas y los medios de cultivo empleados para la producci\u00f3n, as\u00ed como la cualificaci\u00f3n de nuestro equipo t\u00e9cnico nos permite garantizar un suministro de calidad continuado desde el mes de Noviembre hasta el mes de Mayo.<br \/>\nLa R\u00facula (Eruca sativa) es una planta comestible originaria de la regi\u00f3n mediterr\u00e1nea. Algunos bot\u00e1nicos consideran que la E. sativa es una subespecie de la Eruca vesicaria, con ligeras diferencias en la forma de sus hojas y en su sabor. Otros nombres que se utilizan para la r\u00facula son r\u00facola, oruga, roqueta, ruca o jaramago. Al parecer, hay otras variantes adem\u00e1s de las mencionadas, se distinguen por la forma de sus hojas, unas se parecen al diente de le\u00f3n y otras a los berros.<\/p>\n","protected":false},"featured_media":6490,"comment_status":"closed","ping_status":"closed","template":"","meta":[],"product_cat":[47],"product_tag":[],"acf":[],"yoast_head":"<!-- This site is optimized with the Yoast SEO plugin v19.14 - https:\/\/yoast.com\/wordpress\/plugins\/seo\/ -->\n<title>R\u00facula | Verdimed<\/title>\n<meta name=\"robots\" content=\"index, follow, max-snippet:-1, max-image-preview:large, max-video-preview:-1\" \/>\n<link rel=\"canonical\" href=\"https:\/\/verdimed.com\/producto\/rucula\/\" \/>\n<meta property=\"og:locale\" content=\"fr_FR\" \/>\n<meta property=\"og:type\" content=\"article\" \/>\n<meta property=\"og:title\" content=\"R\u00facula | Verdimed\" \/>\n<meta property=\"og:description\" content=\"Verdimed es productor y exportador de r\u00facula, tambi\u00e9n llamada r\u00facola, nuestra producci\u00f3n se realiza principalmente en la provincia de Murcia. Nuestra experiencia, las t\u00e9cnicas y los medios de cultivo empleados para la producci\u00f3n, as\u00ed como la cualificaci\u00f3n de nuestro equipo t\u00e9cnico nos permite garantizar un suministro de calidad continuado desde el mes de Noviembre hasta el mes de Mayo. La R\u00facula (Eruca sativa) es una planta comestible originaria de la regi\u00f3n mediterr\u00e1nea. Algunos bot\u00e1nicos consideran que la E. sativa es una subespecie de la Eruca vesicaria, con ligeras diferencias en la forma de sus hojas y en su sabor. Otros nombres que se utilizan para la r\u00facula son r\u00facola, oruga, roqueta, ruca o jaramago. Al parecer, hay otras variantes adem\u00e1s de las mencionadas, se distinguen por la forma de sus hojas, unas se parecen al diente de le\u00f3n y otras a los berros.\" \/>\n<meta property=\"og:url\" content=\"https:\/\/verdimed.com\/producto\/rucula\/\" \/>\n<meta property=\"og:site_name\" content=\"Verdimed\" \/>\n<meta property=\"article:modified_time\" content=\"2022-06-08T09:23:37+00:00\" \/>\n<meta property=\"og:image\" content=\"https:\/\/verdimed.com\/wp-content\/uploads\/2021\/09\/product-leaves-wild-rocket-rucola.jpg\" \/>\n\t<meta property=\"og:image:width\" content=\"1200\" \/>\n\t<meta property=\"og:image:height\" content=\"1200\" \/>\n\t<meta property=\"og:image:type\" content=\"image\/jpeg\" \/>\n<meta name=\"twitter:card\" content=\"summary_large_image\" \/>\n<meta name=\"twitter:site\" content=\"@verdimed\" \/>\n<script type=\"application\/ld+json\" class=\"yoast-schema-graph\">{\"@context\":\"https:\/\/schema.org\",\"@graph\":[{\"@type\":\"WebPage\",\"@id\":\"https:\/\/verdimed.com\/producto\/rucula\/\",\"url\":\"https:\/\/verdimed.com\/producto\/rucula\/\",\"name\":\"R\u00facula | Verdimed\",\"isPartOf\":{\"@id\":\"https:\/\/verdimed.com\/#website\"},\"datePublished\":\"2021-09-15T13:00:21+00:00\",\"dateModified\":\"2022-06-08T09:23:37+00:00\",\"breadcrumb\":{\"@id\":\"https:\/\/verdimed.com\/producto\/rucula\/#breadcrumb\"},\"inLanguage\":\"fr-FR\",\"potentialAction\":[{\"@type\":\"ReadAction\",\"target\":[\"https:\/\/verdimed.com\/producto\/rucula\/\"]}]},{\"@type\":\"BreadcrumbList\",\"@id\":\"https:\/\/verdimed.com\/producto\/rucula\/#breadcrumb\",\"itemListElement\":[{\"@type\":\"ListItem\",\"position\":1,\"name\":\"Portada\",\"item\":\"https:\/\/verdimed.com\/\"},{\"@type\":\"ListItem\",\"position\":2,\"name\":\"Boutique\",\"item\":\"https:\/\/verdimed.com\/fr\/boutique\/\"},{\"@type\":\"ListItem\",\"position\":3,\"name\":\"R\u00facula\"}]},{\"@type\":\"WebSite\",\"@id\":\"https:\/\/verdimed.com\/#website\",\"url\":\"https:\/\/verdimed.com\/\",\"name\":\"Verdimed\",\"description\":\"Evoluci\u00f3n natural\",\"publisher\":{\"@id\":\"https:\/\/verdimed.com\/#organization\"},\"potentialAction\":[{\"@type\":\"SearchAction\",\"target\":{\"@type\":\"EntryPoint\",\"urlTemplate\":\"https:\/\/verdimed.com\/?s={search_term_string}\"},\"query-input\":\"required name=search_term_string\"}],\"inLanguage\":\"fr-FR\"},{\"@type\":\"Organization\",\"@id\":\"https:\/\/verdimed.com\/#organization\",\"name\":\"VERDIMED, S.A.U.\",\"url\":\"https:\/\/verdimed.com\/\",\"logo\":{\"@type\":\"ImageObject\",\"inLanguage\":\"fr-FR\",\"@id\":\"https:\/\/verdimed.com\/#\/schema\/logo\/image\/\",\"url\":\"https:\/\/verdimed.com\/wp-content\/uploads\/2021\/09\/logo-verdimed-440.png\",\"contentUrl\":\"https:\/\/verdimed.com\/wp-content\/uploads\/2021\/09\/logo-verdimed-440.png\",\"width\":440,\"height\":120,\"caption\":\"VERDIMED, S.A.U.\"},\"image\":{\"@id\":\"https:\/\/verdimed.com\/#\/schema\/logo\/image\/\"},\"sameAs\":[\"https:\/\/www.instagram.com\/verdimed_oficial\/\",\"https:\/\/es.linkedin.com\/company\/verdimed\",\"https:\/\/twitter.com\/verdimed\"]}]}<\/script>\n<!-- \/ Yoast SEO plugin. -->","yoast_head_json":{"title":"R\u00facula | Verdimed","robots":{"index":"index","follow":"follow","max-snippet":"max-snippet:-1","max-image-preview":"max-image-preview:large","max-video-preview":"max-video-preview:-1"},"canonical":"https:\/\/verdimed.com\/producto\/rucula\/","og_locale":"fr_FR","og_type":"article","og_title":"R\u00facula | Verdimed","og_description":"Verdimed es productor y exportador de r\u00facula, tambi\u00e9n llamada r\u00facola, nuestra producci\u00f3n se realiza principalmente en la provincia de Murcia. Nuestra experiencia, las t\u00e9cnicas y los medios de cultivo empleados para la producci\u00f3n, as\u00ed como la cualificaci\u00f3n de nuestro equipo t\u00e9cnico nos permite garantizar un suministro de calidad continuado desde el mes de Noviembre hasta el mes de Mayo. La R\u00facula (Eruca sativa) es una planta comestible originaria de la regi\u00f3n mediterr\u00e1nea. Algunos bot\u00e1nicos consideran que la E. sativa es una subespecie de la Eruca vesicaria, con ligeras diferencias en la forma de sus hojas y en su sabor. Otros nombres que se utilizan para la r\u00facula son r\u00facola, oruga, roqueta, ruca o jaramago. Al parecer, hay otras variantes adem\u00e1s de las mencionadas, se distinguen por la forma de sus hojas, unas se parecen al diente de le\u00f3n y otras a los berros.","og_url":"https:\/\/verdimed.com\/producto\/rucula\/","og_site_name":"Verdimed","article_modified_time":"2022-06-08T09:23:37+00:00","og_image":[{"width":1200,"height":1200,"url":"https:\/\/verdimed.com\/wp-content\/uploads\/2021\/09\/product-leaves-wild-rocket-rucola.jpg","type":"image\/jpeg"}],"twitter_card":"summary_large_image","twitter_site":"@verdimed","schema":{"@context":"https:\/\/schema.org","@graph":[{"@type":"WebPage","@id":"https:\/\/verdimed.com\/producto\/rucula\/","url":"https:\/\/verdimed.com\/producto\/rucula\/","name":"R\u00facula | Verdimed","isPartOf":{"@id":"https:\/\/verdimed.com\/#website"},"datePublished":"2021-09-15T13:00:21+00:00","dateModified":"2022-06-08T09:23:37+00:00","breadcrumb":{"@id":"https:\/\/verdimed.com\/producto\/rucula\/#breadcrumb"},"inLanguage":"fr-FR","potentialAction":[{"@type":"ReadAction","target":["https:\/\/verdimed.com\/producto\/rucula\/"]}]},{"@type":"BreadcrumbList","@id":"https:\/\/verdimed.com\/producto\/rucula\/#breadcrumb","itemListElement":[{"@type":"ListItem","position":1,"name":"Portada","item":"https:\/\/verdimed.com\/"},{"@type":"ListItem","position":2,"name":"Boutique","item":"https:\/\/verdimed.com\/fr\/boutique\/"},{"@type":"ListItem","position":3,"name":"R\u00facula"}]},{"@type":"WebSite","@id":"https:\/\/verdimed.com\/#website","url":"https:\/\/verdimed.com\/","name":"Verdimed","description":"Evoluci\u00f3n natural","publisher":{"@id":"https:\/\/verdimed.com\/#organization"},"potentialAction":[{"@type":"SearchAction","target":{"@type":"EntryPoint","urlTemplate":"https:\/\/verdimed.com\/?s={search_term_string}"},"query-input":"required name=search_term_string"}],"inLanguage":"fr-FR"},{"@type":"Organization","@id":"https:\/\/verdimed.com\/#organization","name":"VERDIMED, S.A.U.","url":"https:\/\/verdimed.com\/","logo":{"@type":"ImageObject","inLanguage":"fr-FR","@id":"https:\/\/verdimed.com\/#\/schema\/logo\/image\/","url":"https:\/\/verdimed.com\/wp-content\/uploads\/2021\/09\/logo-verdimed-440.png","contentUrl":"https:\/\/verdimed.com\/wp-content\/uploads\/2021\/09\/logo-verdimed-440.png","width":440,"height":120,"caption":"VERDIMED, S.A.U."},"image":{"@id":"https:\/\/verdimed.com\/#\/schema\/logo\/image\/"},"sameAs":["https:\/\/www.instagram.com\/verdimed_oficial\/","https:\/\/es.linkedin.com\/company\/verdimed","https:\/\/twitter.com\/verdimed"]}]}},"_links":{"self":[{"href":"https:\/\/verdimed.com\/fr\/wp-json\/wp\/v2\/product\/6036"}],"collection":[{"href":"https:\/\/verdimed.com\/fr\/wp-json\/wp\/v2\/product"}],"about":[{"href":"https:\/\/verdimed.com\/fr\/wp-json\/wp\/v2\/types\/product"}],"replies":[{"embeddable":true,"href":"https:\/\/verdimed.com\/fr\/wp-json\/wp\/v2\/comments?post=6036"}],"wp:featuredmedia":[{"embeddable":true,"href":"https:\/\/verdimed.com\/fr\/wp-json\/wp\/v2\/media\/6490"}],"wp:attachment":[{"href":"https:\/\/verdimed.com\/fr\/wp-json\/wp\/v2\/media?parent=6036"}],"wp:term":[{"taxonomy":"product_cat","embeddable":true,"href":"https:\/\/verdimed.com\/fr\/wp-json\/wp\/v2\/product_cat?post=6036"},{"taxonomy":"product_tag","embeddable":true,"href":"https:\/\/verdimed.com\/fr\/wp-json\/wp\/v2\/product_tag?post=6036"}],"curies":[{"name":"wp","href":"https:\/\/api.w.org\/{rel}","templated":true}]}}