{"id":5964,"date":"2021-09-15T09:19:45","date_gmt":"2021-09-15T09:19:45","guid":{"rendered":"http:\/\/3d3.verdimed.es\/?post_type=product&#038;p=5964"},"modified":"2022-06-08T09:23:59","modified_gmt":"2022-06-08T09:23:59","slug":"lechuga-iceberg","status":"publish","type":"product","link":"https:\/\/verdimed.com\/fr\/producto\/lechuga-iceberg\/","title":{"rendered":"Lechuga Iceberg"},"content":{"rendered":"<p><img decoding=\"async\" loading=\"lazy\" class=\"alignnone size-full wp-image-7210\" src=\"https:\/\/verdimed.com\/wp-content\/uploads\/2022\/05\/calendario-lechuga-iceberg-verdimed.png\" alt=\"\" width=\"1240\" height=\"295\" srcset=\"https:\/\/verdimed.com\/wp-content\/uploads\/2022\/05\/calendario-lechuga-iceberg-verdimed.png 1240w, https:\/\/verdimed.com\/wp-content\/uploads\/2022\/05\/calendario-lechuga-iceberg-verdimed-600x143.png 600w, https:\/\/verdimed.com\/wp-content\/uploads\/2022\/05\/calendario-lechuga-iceberg-verdimed-300x71.png 300w, https:\/\/verdimed.com\/wp-content\/uploads\/2022\/05\/calendario-lechuga-iceberg-verdimed-1024x244.png 1024w, https:\/\/verdimed.com\/wp-content\/uploads\/2022\/05\/calendario-lechuga-iceberg-verdimed-768x183.png 768w\" sizes=\"(max-width: 1240px) 100vw, 1240px\" \/><\/p>\n","protected":false},"excerpt":{"rendered":"<p>La lechuga pertenece a la familia de las Compuestas y es sin duda el principal ingrediente de las ensaladas.<br \/>\nHoy en d\u00eda, su origen sigue siendo un tema de debate. Sin embargo, es sabido que los sumerios, egipcios, persas, griegos y romanos ya cultivaban la lechuga, incluso existen testimonios escritos de que los romanos conoc\u00edan diferentes variedades.<br \/>\nPor otra parte, los egipcios representaban a Min, dios de la fecundidad y protector de las cosechas, con una lechuga y su procesi\u00f3n anual era una de las m\u00e1s celebradas.<br \/>\nLa lechuga est\u00e1 constituida fundamentalmente por agua siendo su contenido porcentual (alrededor del 95 %) uno de los m\u00e1s altos de entre todas las verduras. Entre sus vitaminas destacan el \u00e1cido f\u00f3lico, la vitamina C y la provitamina A (beta-carotenos) mientras que la niacina, tiamina (vitamina B1) y riboflavina (vitamina B2) se encuentran en un porcentaje menor.<br \/>\nEs preferible su consumo en forma cruda, ya que, de este modo, se evitan las p\u00e9rdidas de nutrientes durante el cocinado.<br \/>\nEs importante destacar que las hojas de color verde intenso de la lechuga son las m\u00e1s ricas en vitaminas y minerales. Adem\u00e1s, la lechuga posee un excedente alcalino considerable, que compensa la acidez que generalmente tienen los alimentos, sobre todo los de procedencia animal. Igualmente, contiene peque\u00f1as cantidades de f\u00f3sforo, potasio, calcio y hierro.<br \/>\nLa lechuga tiene fama de calmar los nervios y deparar un sue\u00f1o apacible debido probablemente a la presencia de ciertas sustancias que son similares qu\u00edmicamente al opio, pero carentes de toxicidad.<\/p>\n","protected":false},"featured_media":6428,"comment_status":"closed","ping_status":"closed","template":"","meta":[],"product_cat":[46],"product_tag":[],"acf":[],"yoast_head":"<!-- This site is optimized with the Yoast SEO plugin v19.14 - https:\/\/yoast.com\/wordpress\/plugins\/seo\/ -->\n<title>Lechuga Iceberg | Verdimed<\/title>\n<meta name=\"robots\" content=\"index, follow, max-snippet:-1, max-image-preview:large, max-video-preview:-1\" \/>\n<link rel=\"canonical\" href=\"https:\/\/verdimed.com\/producto\/lechuga-iceberg\/\" \/>\n<meta property=\"og:locale\" content=\"fr_FR\" \/>\n<meta property=\"og:type\" content=\"article\" \/>\n<meta property=\"og:title\" content=\"Lechuga Iceberg | Verdimed\" \/>\n<meta property=\"og:description\" content=\"La lechuga pertenece a la familia de las Compuestas y es sin duda el principal ingrediente de las ensaladas. Hoy en d\u00eda, su origen sigue siendo un tema de debate. Sin embargo, es sabido que los sumerios, egipcios, persas, griegos y romanos ya cultivaban la lechuga, incluso existen testimonios escritos de que los romanos conoc\u00edan diferentes variedades. Por otra parte, los egipcios representaban a Min, dios de la fecundidad y protector de las cosechas, con una lechuga y su procesi\u00f3n anual era una de las m\u00e1s celebradas. La lechuga est\u00e1 constituida fundamentalmente por agua siendo su contenido porcentual (alrededor del 95 %) uno de los m\u00e1s altos de entre todas las verduras. Entre sus vitaminas destacan el \u00e1cido f\u00f3lico, la vitamina C y la provitamina A (beta-carotenos) mientras que la niacina, tiamina (vitamina B1) y riboflavina (vitamina B2) se encuentran en un porcentaje menor. Es preferible su consumo en forma cruda, ya que, de este modo, se evitan las p\u00e9rdidas de nutrientes durante el cocinado. Es importante destacar que las hojas de color verde intenso de la lechuga son las m\u00e1s ricas en vitaminas y minerales. Adem\u00e1s, la lechuga posee un excedente alcalino considerable, que compensa la acidez que generalmente tienen los alimentos, sobre todo los de procedencia animal. Igualmente, contiene peque\u00f1as cantidades de f\u00f3sforo, potasio, calcio y hierro. La lechuga tiene fama de calmar los nervios y deparar un sue\u00f1o apacible debido probablemente a la presencia de ciertas sustancias que son similares qu\u00edmicamente al opio, pero carentes de toxicidad.\" \/>\n<meta property=\"og:url\" content=\"https:\/\/verdimed.com\/producto\/lechuga-iceberg\/\" \/>\n<meta property=\"og:site_name\" content=\"Verdimed\" \/>\n<meta property=\"article:modified_time\" content=\"2022-06-08T09:23:59+00:00\" \/>\n<meta property=\"og:image\" content=\"https:\/\/verdimed.com\/wp-content\/uploads\/2021\/10\/product-lettuce-iceberg.jpg\" \/>\n\t<meta property=\"og:image:width\" content=\"1200\" \/>\n\t<meta property=\"og:image:height\" content=\"1200\" \/>\n\t<meta property=\"og:image:type\" content=\"image\/jpeg\" \/>\n<meta name=\"twitter:card\" content=\"summary_large_image\" \/>\n<meta name=\"twitter:site\" content=\"@verdimed\" \/>\n<script type=\"application\/ld+json\" class=\"yoast-schema-graph\">{\"@context\":\"https:\/\/schema.org\",\"@graph\":[{\"@type\":\"WebPage\",\"@id\":\"https:\/\/verdimed.com\/producto\/lechuga-iceberg\/\",\"url\":\"https:\/\/verdimed.com\/producto\/lechuga-iceberg\/\",\"name\":\"Lechuga Iceberg | Verdimed\",\"isPartOf\":{\"@id\":\"https:\/\/verdimed.com\/#website\"},\"datePublished\":\"2021-09-15T09:19:45+00:00\",\"dateModified\":\"2022-06-08T09:23:59+00:00\",\"breadcrumb\":{\"@id\":\"https:\/\/verdimed.com\/producto\/lechuga-iceberg\/#breadcrumb\"},\"inLanguage\":\"fr-FR\",\"potentialAction\":[{\"@type\":\"ReadAction\",\"target\":[\"https:\/\/verdimed.com\/producto\/lechuga-iceberg\/\"]}]},{\"@type\":\"BreadcrumbList\",\"@id\":\"https:\/\/verdimed.com\/producto\/lechuga-iceberg\/#breadcrumb\",\"itemListElement\":[{\"@type\":\"ListItem\",\"position\":1,\"name\":\"Portada\",\"item\":\"https:\/\/verdimed.com\/\"},{\"@type\":\"ListItem\",\"position\":2,\"name\":\"Boutique\",\"item\":\"https:\/\/verdimed.com\/fr\/boutique\/\"},{\"@type\":\"ListItem\",\"position\":3,\"name\":\"Lechuga Iceberg\"}]},{\"@type\":\"WebSite\",\"@id\":\"https:\/\/verdimed.com\/#website\",\"url\":\"https:\/\/verdimed.com\/\",\"name\":\"Verdimed\",\"description\":\"Evoluci\u00f3n natural\",\"publisher\":{\"@id\":\"https:\/\/verdimed.com\/#organization\"},\"potentialAction\":[{\"@type\":\"SearchAction\",\"target\":{\"@type\":\"EntryPoint\",\"urlTemplate\":\"https:\/\/verdimed.com\/?s={search_term_string}\"},\"query-input\":\"required name=search_term_string\"}],\"inLanguage\":\"fr-FR\"},{\"@type\":\"Organization\",\"@id\":\"https:\/\/verdimed.com\/#organization\",\"name\":\"VERDIMED, S.A.U.\",\"url\":\"https:\/\/verdimed.com\/\",\"logo\":{\"@type\":\"ImageObject\",\"inLanguage\":\"fr-FR\",\"@id\":\"https:\/\/verdimed.com\/#\/schema\/logo\/image\/\",\"url\":\"https:\/\/verdimed.com\/wp-content\/uploads\/2021\/09\/logo-verdimed-440.png\",\"contentUrl\":\"https:\/\/verdimed.com\/wp-content\/uploads\/2021\/09\/logo-verdimed-440.png\",\"width\":440,\"height\":120,\"caption\":\"VERDIMED, S.A.U.\"},\"image\":{\"@id\":\"https:\/\/verdimed.com\/#\/schema\/logo\/image\/\"},\"sameAs\":[\"https:\/\/www.instagram.com\/verdimed_oficial\/\",\"https:\/\/es.linkedin.com\/company\/verdimed\",\"https:\/\/twitter.com\/verdimed\"]}]}<\/script>\n<!-- \/ Yoast SEO plugin. -->","yoast_head_json":{"title":"Lechuga Iceberg | Verdimed","robots":{"index":"index","follow":"follow","max-snippet":"max-snippet:-1","max-image-preview":"max-image-preview:large","max-video-preview":"max-video-preview:-1"},"canonical":"https:\/\/verdimed.com\/producto\/lechuga-iceberg\/","og_locale":"fr_FR","og_type":"article","og_title":"Lechuga Iceberg | Verdimed","og_description":"La lechuga pertenece a la familia de las Compuestas y es sin duda el principal ingrediente de las ensaladas. Hoy en d\u00eda, su origen sigue siendo un tema de debate. Sin embargo, es sabido que los sumerios, egipcios, persas, griegos y romanos ya cultivaban la lechuga, incluso existen testimonios escritos de que los romanos conoc\u00edan diferentes variedades. Por otra parte, los egipcios representaban a Min, dios de la fecundidad y protector de las cosechas, con una lechuga y su procesi\u00f3n anual era una de las m\u00e1s celebradas. La lechuga est\u00e1 constituida fundamentalmente por agua siendo su contenido porcentual (alrededor del 95 %) uno de los m\u00e1s altos de entre todas las verduras. Entre sus vitaminas destacan el \u00e1cido f\u00f3lico, la vitamina C y la provitamina A (beta-carotenos) mientras que la niacina, tiamina (vitamina B1) y riboflavina (vitamina B2) se encuentran en un porcentaje menor. Es preferible su consumo en forma cruda, ya que, de este modo, se evitan las p\u00e9rdidas de nutrientes durante el cocinado. Es importante destacar que las hojas de color verde intenso de la lechuga son las m\u00e1s ricas en vitaminas y minerales. Adem\u00e1s, la lechuga posee un excedente alcalino considerable, que compensa la acidez que generalmente tienen los alimentos, sobre todo los de procedencia animal. Igualmente, contiene peque\u00f1as cantidades de f\u00f3sforo, potasio, calcio y hierro. La lechuga tiene fama de calmar los nervios y deparar un sue\u00f1o apacible debido probablemente a la presencia de ciertas sustancias que son similares qu\u00edmicamente al opio, pero carentes de toxicidad.","og_url":"https:\/\/verdimed.com\/producto\/lechuga-iceberg\/","og_site_name":"Verdimed","article_modified_time":"2022-06-08T09:23:59+00:00","og_image":[{"width":1200,"height":1200,"url":"https:\/\/verdimed.com\/wp-content\/uploads\/2021\/10\/product-lettuce-iceberg.jpg","type":"image\/jpeg"}],"twitter_card":"summary_large_image","twitter_site":"@verdimed","schema":{"@context":"https:\/\/schema.org","@graph":[{"@type":"WebPage","@id":"https:\/\/verdimed.com\/producto\/lechuga-iceberg\/","url":"https:\/\/verdimed.com\/producto\/lechuga-iceberg\/","name":"Lechuga Iceberg | Verdimed","isPartOf":{"@id":"https:\/\/verdimed.com\/#website"},"datePublished":"2021-09-15T09:19:45+00:00","dateModified":"2022-06-08T09:23:59+00:00","breadcrumb":{"@id":"https:\/\/verdimed.com\/producto\/lechuga-iceberg\/#breadcrumb"},"inLanguage":"fr-FR","potentialAction":[{"@type":"ReadAction","target":["https:\/\/verdimed.com\/producto\/lechuga-iceberg\/"]}]},{"@type":"BreadcrumbList","@id":"https:\/\/verdimed.com\/producto\/lechuga-iceberg\/#breadcrumb","itemListElement":[{"@type":"ListItem","position":1,"name":"Portada","item":"https:\/\/verdimed.com\/"},{"@type":"ListItem","position":2,"name":"Boutique","item":"https:\/\/verdimed.com\/fr\/boutique\/"},{"@type":"ListItem","position":3,"name":"Lechuga Iceberg"}]},{"@type":"WebSite","@id":"https:\/\/verdimed.com\/#website","url":"https:\/\/verdimed.com\/","name":"Verdimed","description":"Evoluci\u00f3n natural","publisher":{"@id":"https:\/\/verdimed.com\/#organization"},"potentialAction":[{"@type":"SearchAction","target":{"@type":"EntryPoint","urlTemplate":"https:\/\/verdimed.com\/?s={search_term_string}"},"query-input":"required name=search_term_string"}],"inLanguage":"fr-FR"},{"@type":"Organization","@id":"https:\/\/verdimed.com\/#organization","name":"VERDIMED, S.A.U.","url":"https:\/\/verdimed.com\/","logo":{"@type":"ImageObject","inLanguage":"fr-FR","@id":"https:\/\/verdimed.com\/#\/schema\/logo\/image\/","url":"https:\/\/verdimed.com\/wp-content\/uploads\/2021\/09\/logo-verdimed-440.png","contentUrl":"https:\/\/verdimed.com\/wp-content\/uploads\/2021\/09\/logo-verdimed-440.png","width":440,"height":120,"caption":"VERDIMED, S.A.U."},"image":{"@id":"https:\/\/verdimed.com\/#\/schema\/logo\/image\/"},"sameAs":["https:\/\/www.instagram.com\/verdimed_oficial\/","https:\/\/es.linkedin.com\/company\/verdimed","https:\/\/twitter.com\/verdimed"]}]}},"_links":{"self":[{"href":"https:\/\/verdimed.com\/fr\/wp-json\/wp\/v2\/product\/5964"}],"collection":[{"href":"https:\/\/verdimed.com\/fr\/wp-json\/wp\/v2\/product"}],"about":[{"href":"https:\/\/verdimed.com\/fr\/wp-json\/wp\/v2\/types\/product"}],"replies":[{"embeddable":true,"href":"https:\/\/verdimed.com\/fr\/wp-json\/wp\/v2\/comments?post=5964"}],"wp:featuredmedia":[{"embeddable":true,"href":"https:\/\/verdimed.com\/fr\/wp-json\/wp\/v2\/media\/6428"}],"wp:attachment":[{"href":"https:\/\/verdimed.com\/fr\/wp-json\/wp\/v2\/media?parent=5964"}],"wp:term":[{"taxonomy":"product_cat","embeddable":true,"href":"https:\/\/verdimed.com\/fr\/wp-json\/wp\/v2\/product_cat?post=5964"},{"taxonomy":"product_tag","embeddable":true,"href":"https:\/\/verdimed.com\/fr\/wp-json\/wp\/v2\/product_tag?post=5964"}],"curies":[{"name":"wp","href":"https:\/\/api.w.org\/{rel}","templated":true}]}}