{"id":5918,"date":"2021-09-10T09:28:21","date_gmt":"2021-09-10T09:28:21","guid":{"rendered":"http:\/\/3d3.verdimed.es\/?post_type=product&#038;p=5918"},"modified":"2022-06-08T09:24:50","modified_gmt":"2022-06-08T09:24:50","slug":"coliflor","status":"publish","type":"product","link":"https:\/\/verdimed.com\/fr\/producto\/coliflor\/","title":{"rendered":"Coliflor"},"content":{"rendered":"<p><img decoding=\"async\" loading=\"lazy\" class=\"alignnone size-full wp-image-7202\" src=\"https:\/\/verdimed.com\/wp-content\/uploads\/2022\/05\/calendario-coliflor-verdimed.png\" alt=\"\" width=\"1240\" height=\"295\" srcset=\"https:\/\/verdimed.com\/wp-content\/uploads\/2022\/05\/calendario-coliflor-verdimed.png 1240w, https:\/\/verdimed.com\/wp-content\/uploads\/2022\/05\/calendario-coliflor-verdimed-600x143.png 600w, https:\/\/verdimed.com\/wp-content\/uploads\/2022\/05\/calendario-coliflor-verdimed-300x71.png 300w, https:\/\/verdimed.com\/wp-content\/uploads\/2022\/05\/calendario-coliflor-verdimed-1024x244.png 1024w, https:\/\/verdimed.com\/wp-content\/uploads\/2022\/05\/calendario-coliflor-verdimed-768x183.png 768w\" sizes=\"(max-width: 1240px) 100vw, 1240px\" \/><\/p>\n","protected":false},"excerpt":{"rendered":"<p>La experiencia de VERDIMED como productor, comercializador y exportador de coliflor es de m\u00e1s de 25 a\u00f1os. Esta experiencia nos permite garantizar un suministro de calidad durante los doce meses del a\u00f1o.<br \/>\nNuestros cultivos los realizamos, principalmente, en la Regi\u00f3n de Murcia, que goza de las mejores condiciones para obtener una coliflor de calidad.<br \/>\nLa coliflor es una planta herb\u00e1cea que pertenece a la familia de las Cruc\u00edferas. Se trata de una planta de tallo erecto con grandes hojas que tienen una gruesa nervadura central, las cuales envuelven una gran inflorescencia carnosa de forma globosa y color blanco.<\/p>\n","protected":false},"featured_media":6400,"comment_status":"closed","ping_status":"closed","template":"","meta":[],"product_cat":[45],"product_tag":[],"acf":[],"yoast_head":"<!-- This site is optimized with the Yoast SEO plugin v19.14 - https:\/\/yoast.com\/wordpress\/plugins\/seo\/ -->\n<title>Coliflor | Verdimed<\/title>\n<meta name=\"robots\" content=\"index, follow, max-snippet:-1, max-image-preview:large, max-video-preview:-1\" \/>\n<link rel=\"canonical\" href=\"https:\/\/verdimed.com\/producto\/coliflor\/\" \/>\n<meta property=\"og:locale\" content=\"fr_FR\" \/>\n<meta property=\"og:type\" content=\"article\" \/>\n<meta property=\"og:title\" content=\"Coliflor | Verdimed\" \/>\n<meta property=\"og:description\" content=\"La experiencia de VERDIMED como productor, comercializador y exportador de coliflor es de m\u00e1s de 25 a\u00f1os. Esta experiencia nos permite garantizar un suministro de calidad durante los doce meses del a\u00f1o. Nuestros cultivos los realizamos, principalmente, en la Regi\u00f3n de Murcia, que goza de las mejores condiciones para obtener una coliflor de calidad. La coliflor es una planta herb\u00e1cea que pertenece a la familia de las Cruc\u00edferas. Se trata de una planta de tallo erecto con grandes hojas que tienen una gruesa nervadura central, las cuales envuelven una gran inflorescencia carnosa de forma globosa y color blanco.\" \/>\n<meta property=\"og:url\" content=\"https:\/\/verdimed.com\/producto\/coliflor\/\" \/>\n<meta property=\"og:site_name\" content=\"Verdimed\" \/>\n<meta property=\"article:modified_time\" content=\"2022-06-08T09:24:50+00:00\" \/>\n<meta property=\"og:image\" content=\"https:\/\/verdimed.com\/wp-content\/uploads\/2021\/10\/product-cabbage-cauliflower.jpg\" \/>\n\t<meta property=\"og:image:width\" content=\"1200\" \/>\n\t<meta property=\"og:image:height\" content=\"1200\" \/>\n\t<meta property=\"og:image:type\" content=\"image\/jpeg\" \/>\n<meta name=\"twitter:card\" content=\"summary_large_image\" \/>\n<meta name=\"twitter:site\" content=\"@verdimed\" \/>\n<script type=\"application\/ld+json\" class=\"yoast-schema-graph\">{\"@context\":\"https:\/\/schema.org\",\"@graph\":[{\"@type\":\"WebPage\",\"@id\":\"https:\/\/verdimed.com\/producto\/coliflor\/\",\"url\":\"https:\/\/verdimed.com\/producto\/coliflor\/\",\"name\":\"Coliflor | Verdimed\",\"isPartOf\":{\"@id\":\"https:\/\/verdimed.com\/#website\"},\"datePublished\":\"2021-09-10T09:28:21+00:00\",\"dateModified\":\"2022-06-08T09:24:50+00:00\",\"breadcrumb\":{\"@id\":\"https:\/\/verdimed.com\/producto\/coliflor\/#breadcrumb\"},\"inLanguage\":\"fr-FR\",\"potentialAction\":[{\"@type\":\"ReadAction\",\"target\":[\"https:\/\/verdimed.com\/producto\/coliflor\/\"]}]},{\"@type\":\"BreadcrumbList\",\"@id\":\"https:\/\/verdimed.com\/producto\/coliflor\/#breadcrumb\",\"itemListElement\":[{\"@type\":\"ListItem\",\"position\":1,\"name\":\"Portada\",\"item\":\"https:\/\/verdimed.com\/\"},{\"@type\":\"ListItem\",\"position\":2,\"name\":\"Boutique\",\"item\":\"https:\/\/verdimed.com\/fr\/boutique\/\"},{\"@type\":\"ListItem\",\"position\":3,\"name\":\"Coliflor\"}]},{\"@type\":\"WebSite\",\"@id\":\"https:\/\/verdimed.com\/#website\",\"url\":\"https:\/\/verdimed.com\/\",\"name\":\"Verdimed\",\"description\":\"Evoluci\u00f3n natural\",\"publisher\":{\"@id\":\"https:\/\/verdimed.com\/#organization\"},\"potentialAction\":[{\"@type\":\"SearchAction\",\"target\":{\"@type\":\"EntryPoint\",\"urlTemplate\":\"https:\/\/verdimed.com\/?s={search_term_string}\"},\"query-input\":\"required name=search_term_string\"}],\"inLanguage\":\"fr-FR\"},{\"@type\":\"Organization\",\"@id\":\"https:\/\/verdimed.com\/#organization\",\"name\":\"VERDIMED, S.A.U.\",\"url\":\"https:\/\/verdimed.com\/\",\"logo\":{\"@type\":\"ImageObject\",\"inLanguage\":\"fr-FR\",\"@id\":\"https:\/\/verdimed.com\/#\/schema\/logo\/image\/\",\"url\":\"https:\/\/verdimed.com\/wp-content\/uploads\/2021\/09\/logo-verdimed-440.png\",\"contentUrl\":\"https:\/\/verdimed.com\/wp-content\/uploads\/2021\/09\/logo-verdimed-440.png\",\"width\":440,\"height\":120,\"caption\":\"VERDIMED, S.A.U.\"},\"image\":{\"@id\":\"https:\/\/verdimed.com\/#\/schema\/logo\/image\/\"},\"sameAs\":[\"https:\/\/www.instagram.com\/verdimed_oficial\/\",\"https:\/\/es.linkedin.com\/company\/verdimed\",\"https:\/\/twitter.com\/verdimed\"]}]}<\/script>\n<!-- \/ Yoast SEO plugin. -->","yoast_head_json":{"title":"Coliflor | Verdimed","robots":{"index":"index","follow":"follow","max-snippet":"max-snippet:-1","max-image-preview":"max-image-preview:large","max-video-preview":"max-video-preview:-1"},"canonical":"https:\/\/verdimed.com\/producto\/coliflor\/","og_locale":"fr_FR","og_type":"article","og_title":"Coliflor | Verdimed","og_description":"La experiencia de VERDIMED como productor, comercializador y exportador de coliflor es de m\u00e1s de 25 a\u00f1os. Esta experiencia nos permite garantizar un suministro de calidad durante los doce meses del a\u00f1o. Nuestros cultivos los realizamos, principalmente, en la Regi\u00f3n de Murcia, que goza de las mejores condiciones para obtener una coliflor de calidad. La coliflor es una planta herb\u00e1cea que pertenece a la familia de las Cruc\u00edferas. Se trata de una planta de tallo erecto con grandes hojas que tienen una gruesa nervadura central, las cuales envuelven una gran inflorescencia carnosa de forma globosa y color blanco.","og_url":"https:\/\/verdimed.com\/producto\/coliflor\/","og_site_name":"Verdimed","article_modified_time":"2022-06-08T09:24:50+00:00","og_image":[{"width":1200,"height":1200,"url":"https:\/\/verdimed.com\/wp-content\/uploads\/2021\/10\/product-cabbage-cauliflower.jpg","type":"image\/jpeg"}],"twitter_card":"summary_large_image","twitter_site":"@verdimed","schema":{"@context":"https:\/\/schema.org","@graph":[{"@type":"WebPage","@id":"https:\/\/verdimed.com\/producto\/coliflor\/","url":"https:\/\/verdimed.com\/producto\/coliflor\/","name":"Coliflor | Verdimed","isPartOf":{"@id":"https:\/\/verdimed.com\/#website"},"datePublished":"2021-09-10T09:28:21+00:00","dateModified":"2022-06-08T09:24:50+00:00","breadcrumb":{"@id":"https:\/\/verdimed.com\/producto\/coliflor\/#breadcrumb"},"inLanguage":"fr-FR","potentialAction":[{"@type":"ReadAction","target":["https:\/\/verdimed.com\/producto\/coliflor\/"]}]},{"@type":"BreadcrumbList","@id":"https:\/\/verdimed.com\/producto\/coliflor\/#breadcrumb","itemListElement":[{"@type":"ListItem","position":1,"name":"Portada","item":"https:\/\/verdimed.com\/"},{"@type":"ListItem","position":2,"name":"Boutique","item":"https:\/\/verdimed.com\/fr\/boutique\/"},{"@type":"ListItem","position":3,"name":"Coliflor"}]},{"@type":"WebSite","@id":"https:\/\/verdimed.com\/#website","url":"https:\/\/verdimed.com\/","name":"Verdimed","description":"Evoluci\u00f3n natural","publisher":{"@id":"https:\/\/verdimed.com\/#organization"},"potentialAction":[{"@type":"SearchAction","target":{"@type":"EntryPoint","urlTemplate":"https:\/\/verdimed.com\/?s={search_term_string}"},"query-input":"required name=search_term_string"}],"inLanguage":"fr-FR"},{"@type":"Organization","@id":"https:\/\/verdimed.com\/#organization","name":"VERDIMED, S.A.U.","url":"https:\/\/verdimed.com\/","logo":{"@type":"ImageObject","inLanguage":"fr-FR","@id":"https:\/\/verdimed.com\/#\/schema\/logo\/image\/","url":"https:\/\/verdimed.com\/wp-content\/uploads\/2021\/09\/logo-verdimed-440.png","contentUrl":"https:\/\/verdimed.com\/wp-content\/uploads\/2021\/09\/logo-verdimed-440.png","width":440,"height":120,"caption":"VERDIMED, S.A.U."},"image":{"@id":"https:\/\/verdimed.com\/#\/schema\/logo\/image\/"},"sameAs":["https:\/\/www.instagram.com\/verdimed_oficial\/","https:\/\/es.linkedin.com\/company\/verdimed","https:\/\/twitter.com\/verdimed"]}]}},"_links":{"self":[{"href":"https:\/\/verdimed.com\/fr\/wp-json\/wp\/v2\/product\/5918"}],"collection":[{"href":"https:\/\/verdimed.com\/fr\/wp-json\/wp\/v2\/product"}],"about":[{"href":"https:\/\/verdimed.com\/fr\/wp-json\/wp\/v2\/types\/product"}],"replies":[{"embeddable":true,"href":"https:\/\/verdimed.com\/fr\/wp-json\/wp\/v2\/comments?post=5918"}],"wp:featuredmedia":[{"embeddable":true,"href":"https:\/\/verdimed.com\/fr\/wp-json\/wp\/v2\/media\/6400"}],"wp:attachment":[{"href":"https:\/\/verdimed.com\/fr\/wp-json\/wp\/v2\/media?parent=5918"}],"wp:term":[{"taxonomy":"product_cat","embeddable":true,"href":"https:\/\/verdimed.com\/fr\/wp-json\/wp\/v2\/product_cat?post=5918"},{"taxonomy":"product_tag","embeddable":true,"href":"https:\/\/verdimed.com\/fr\/wp-json\/wp\/v2\/product_tag?post=5918"}],"curies":[{"name":"wp","href":"https:\/\/api.w.org\/{rel}","templated":true}]}}